{"id":431,"date":"2023-05-30T10:58:22","date_gmt":"2023-05-30T10:58:22","guid":{"rendered":"https:\/\/groseko.webclientes.es\/el-club\/"},"modified":"2024-06-18T06:16:24","modified_gmt":"2024-06-18T06:16:24","slug":"the-club","status":"publish","type":"page","link":"https:\/\/grosekoindarra.webclientes.es\/en\/the-club\/","title":{"rendered":"The Club"},"content":{"rendered":"<p>[et_pb_section fb_built=&#8221;1&#8243; fullwidth=&#8221;on&#8221; _builder_version=&#8221;4.21.0&#8243; _module_preset=&#8221;default&#8221; background_image=&#8221;https:\/\/grosekoindarra.com\/wp-content\/uploads\/2023\/05\/groseko_indarra_surf_club_00.jpg&#8221; global_colors_info=&#8221;{}&#8221;][et_pb_fullwidth_header title=&#8221;Groseko Indarra The Surf Club&#8221; text_orientation=&#8221;center&#8221; background_overlay_color=&#8221;rgba(10,8,8,0.39)&#8221; content_max_width=&#8221;200%&#8221; _builder_version=&#8221;4.21.0&#8243; _module_preset=&#8221;default&#8221; title_font=&#8221;Lato||||||||&#8221; title_text_align=&#8221;center&#8221; title_text_color=&#8221;#FFFFFF&#8221; title_font_size=&#8221;66px&#8221; background_color=&#8221;RGBA(76,77,79,0)&#8221; background_image=&#8221;https:\/\/grosekoindarra.com\/wp-content\/uploads\/2023\/05\/groseko_indarra_surf_club_00.jpg&#8221; parallax=&#8221;on&#8221; max_width=&#8221;100%&#8221; min_height=&#8221;350px&#8221; custom_margin=&#8221;0px||||false|false&#8221; custom_padding=&#8221;115px||||false|false&#8221; title_font_size_tablet=&#8221;66px&#8221; title_font_size_phone=&#8221;27px&#8221; title_font_size_last_edited=&#8221;on|phone&#8221; border_radii_image=&#8221;off||||&#8221; global_colors_info=&#8221;{}&#8221; title__hover_enabled=&#8221;off|desktop&#8221; title_letter_spacing__hover_enabled=&#8221;on|desktop&#8221;][\/et_pb_fullwidth_header][\/et_pb_section][et_pb_section fb_built=&#8221;1&#8243; _builder_version=&#8221;4.21.0&#8243; _module_preset=&#8221;default&#8221; global_colors_info=&#8221;{}&#8221;][et_pb_row column_structure=&#8221;2_3,1_3&#8243; _builder_version=&#8221;4.21.0&#8243; _module_preset=&#8221;default&#8221; global_colors_info=&#8221;{}&#8221;][et_pb_column type=&#8221;2_3&#8243; _builder_version=&#8221;4.21.0&#8243; _module_preset=&#8221;default&#8221; global_colors_info=&#8221;{}&#8221;][et_pb_text _builder_version=&#8221;4.22.1&#8243; _module_preset=&#8221;default&#8221; text_font_size=&#8221;35px&#8221; hover_enabled=&#8221;0&#8243; global_colors_info=&#8221;{}&#8221; sticky_enabled=&#8221;0&#8243;]<\/p>\n<h2>El Club &#8211;\u00a0 Historia<\/h2>\n<p>[\/et_pb_text][et_pb_text _builder_version=&#8221;4.21.0&#8243; _module_preset=&#8221;default&#8221; global_colors_info=&#8221;{}&#8221;]<\/p>\n<p>The name Groseko Indarra came about on a summer afternoon (probably no waves that day) when a few legendary surfers were sitting on the old wall in Gros wondering what to do with a sea as still as glass. They thought they might start a club or an organization of some type. In the group were Juanpe (Sansinenea), Rene and a few assorted others. Juanpe suggested that the name should be something that reflected the intensity of the \u201cPico de Gros\u201d peak waves and the strength of the Basque people. His grandfather had fought in the Spanish Civil War with the \u201cEusko Indarra\u201d battalion, so he came up with the name \u201cGroseko Indarra\u201d. ESKERRIK ASKO \u2013 THANK YOU!!!!!<\/p>\n<p>he name became official with the first local championship, \u2018Groseko Indarra\u2019, organized by Gabi \u2018Gabilan\u2019 Lasa, I\u00f1igo \u2018Ambi\u2019 Iraola, and Alfonso \u2018Txontxo\u2019 Azketa. These names won\u2019t mean anything to most of you, but these surfers have written many pages in the history of surfing in San Sebasti\u00e1n.<\/p>\n<p>[\/et_pb_text][et_pb_image src=&#8221;https:\/\/grosekoindarra.com\/wp-content\/uploads\/2023\/05\/groseko_indarra_fachada.jpg&#8221; title_text=&#8221;groseko_indarra_fachada&#8221; _builder_version=&#8221;4.21.0&#8243; _module_preset=&#8221;default&#8221; global_colors_info=&#8221;{}&#8221;][\/et_pb_image][et_pb_text _builder_version=&#8221;4.21.0&#8243; _module_preset=&#8221;default&#8221; global_colors_info=&#8221;{}&#8221;]<\/p>\n<div class=\"wpb_text_column wpb_content_element wpb_animate_when_almost_visible wpb_left-to-right wpb_start_animation\">\n<div class=\"wpb_wrapper\">\n<p>Years later, in 2000 the club was officially founded by Jesus Jim\u00e9nez, Carlos Marichalar, Julen Larra\u00f1anaga and Haritz Mendiluze. The aim was to have a club open to everyone, to create a gathering place for people passionate about promoting surfing. Over the years the club membership grew as did the range of services offered. A place on the beach was created for surfers to change clothes and store their material. The surf school was founded, and the members began to organize international championships. One generation led to another and in 2013 a group of young surfers \u2013 Jon Mikel Zubeldia, Edgar de Pedro and Lander Irazabalbeitia \u2013 took over and continued working to make the club what it is today. We now have nearly 300 members and spacious new facilities inaugurated in 2015. Our surf school has become a gold standard in Donostia and we run a small a very unique caf\u00e9. And it\u2019s all at the end of La Zurriola beach, near the water\u2019s edge in Sagu\u0308es. What more could we ask for!!<\/p>\n<p>Although our club has a short history, we\u2019ve been hugely successful in terms of competitions and have a line-up of accomplished surfers and bodyboarders, including Joserra Mart\u00ednez, Marta Hu\u00e9rcanos, Norman Landa, Haritz Mendiluze, Julen Larra\u00f1aga, Agurtzane Otegi, I\u00f1igo Ganzarain, Lander Irazabalbeitia, I\u00f1aki Gorospe, Be\u00f1at Elosua, Borja Gainzarain, Borja Agote, Ethan and Julen Egiguren\u2026<\/p>\n<p>\u201cTOGETHER WE\u2019LL MAKE THE CLUB GROW\u201d<\/p>\n<\/div>\n<\/div>\n<p>[\/et_pb_text][et_pb_text _builder_version=&#8221;4.21.0&#8243; _module_preset=&#8221;default&#8221; text_font_size=&#8221;35px&#8221; global_colors_info=&#8221;{}&#8221;]<\/p>\n<h2>Become a member<\/h2>\n<p>[\/et_pb_text][et_pb_text _builder_version=&#8221;4.21.0&#8243; _module_preset=&#8221;default&#8221; global_colors_info=&#8221;{}&#8221;]<\/p>\n<div class=\"wpb_text_column wpb_content_element wpb_animate_when_almost_visible wpb_left-to-right wpb_start_animation\">\n<div class=\"wpb_wrapper\">\n<p>Nowadays there is a lot of demand to become a member of the club and enjoy our facilities. Therefore, membership is closed and there is a waiting list to become a member of the club. However, due to strong demand, this list is closed for the time being.<\/p>\n<\/div>\n<\/div>\n<p>[\/et_pb_text][et_pb_text _builder_version=&#8221;4.21.0&#8243; _module_preset=&#8221;default&#8221; text_font_size=&#8221;35px&#8221; global_colors_info=&#8221;{}&#8221;]<\/p>\n<h2>Facilities<\/h2>\n<p>[\/et_pb_text][et_pb_text _builder_version=&#8221;4.21.0&#8243; _module_preset=&#8221;default&#8221; global_colors_info=&#8221;{}&#8221;]<\/p>\n<div class=\"wpb_text_column wpb_content_element wpb_animate_when_almost_visible wpb_left-to-right wpb_start_animation\">\n<div class=\"wpb_wrapper\">\n<p>We\u2019re located in Sagu\u0308es, next to the ramp down to La Zurriola beach, right on the sand. Just grab your board and head to the water.<\/p>\n<p>Our facilities were newly refurbished and enlarged in 2015. We\u2019ve got everything we need for members and customers alike.<\/p>\n<\/div>\n<\/div>\n<p>[\/et_pb_text][\/et_pb_column][et_pb_column type=&#8221;1_3&#8243; _builder_version=&#8221;4.21.0&#8243; _module_preset=&#8221;default&#8221; global_colors_info=&#8221;{}&#8221;][et_pb_image src=&#8221;https:\/\/grosekoindarra.com\/wp-content\/uploads\/2023\/05\/groseko_indarra_malone_cartel.jpg&#8221; title_text=&#8221;groseko_indarra_malone_cartel&#8221; _builder_version=&#8221;4.21.0&#8243; _module_preset=&#8221;default&#8221; global_colors_info=&#8221;{}&#8221;][\/et_pb_image][et_pb_image src=&#8221;https:\/\/grosekoindarra.com\/wp-content\/uploads\/2023\/05\/groseko-indarra-15_web.jpg&#8221; title_text=&#8221;groseko-indarra-15_web&#8221; _builder_version=&#8221;4.21.0&#8243; _module_preset=&#8221;default&#8221; global_colors_info=&#8221;{}&#8221;][\/et_pb_image][et_pb_image src=&#8221;https:\/\/grosekoindarra.com\/wp-content\/uploads\/2023\/05\/groseko-indarra-14_web.jpg&#8221; title_text=&#8221;groseko-indarra-14_web&#8221; _builder_version=&#8221;4.21.0&#8243; _module_preset=&#8221;default&#8221; global_colors_info=&#8221;{}&#8221;][\/et_pb_image][et_pb_image src=&#8221;https:\/\/grosekoindarra.com\/wp-content\/uploads\/2023\/05\/groseko-indarra-16_web.jpg&#8221; title_text=&#8221;groseko-indarra-16_web&#8221; _builder_version=&#8221;4.21.0&#8243; _module_preset=&#8221;default&#8221; global_colors_info=&#8221;{}&#8221;][\/et_pb_image][et_pb_image src=&#8221;https:\/\/grosekoindarra.com\/wp-content\/uploads\/2023\/05\/groseko-indarra-20-urte.jpg&#8221; title_text=&#8221;groseko-indarra-20-urte&#8221; _builder_version=&#8221;4.21.0&#8243; _module_preset=&#8221;default&#8221; global_colors_info=&#8221;{}&#8221;][\/et_pb_image][\/et_pb_column][\/et_pb_row][\/et_pb_section]<\/p>\n","protected":false},"excerpt":{"rendered":"<p>El Club &#8211;\u00a0 HistoriaThe name Groseko Indarra came about on a summer afternoon (probably no waves that day) when a few legendary surfers were sitting on the old wall in Gros wondering what to do with a sea as still as glass. They thought they might start a club or an organization of some type. [&hellip;]<\/p>\n","protected":false},"author":2,"featured_media":812,"parent":0,"menu_order":3,"comment_status":"closed","ping_status":"closed","template":"","meta":{"_et_pb_use_builder":"on","_et_pb_old_content":"","_et_gb_content_width":"","footnotes":""},"_links":{"self":[{"href":"https:\/\/grosekoindarra.webclientes.es\/en\/wp-json\/wp\/v2\/pages\/431"}],"collection":[{"href":"https:\/\/grosekoindarra.webclientes.es\/en\/wp-json\/wp\/v2\/pages"}],"about":[{"href":"https:\/\/grosekoindarra.webclientes.es\/en\/wp-json\/wp\/v2\/types\/page"}],"author":[{"embeddable":true,"href":"https:\/\/grosekoindarra.webclientes.es\/en\/wp-json\/wp\/v2\/users\/2"}],"replies":[{"embeddable":true,"href":"https:\/\/grosekoindarra.webclientes.es\/en\/wp-json\/wp\/v2\/comments?post=431"}],"version-history":[{"count":5,"href":"https:\/\/grosekoindarra.webclientes.es\/en\/wp-json\/wp\/v2\/pages\/431\/revisions"}],"predecessor-version":[{"id":2198,"href":"https:\/\/grosekoindarra.webclientes.es\/en\/wp-json\/wp\/v2\/pages\/431\/revisions\/2198"}],"wp:featuredmedia":[{"embeddable":true,"href":"https:\/\/grosekoindarra.webclientes.es\/en\/wp-json\/wp\/v2\/media\/812"}],"wp:attachment":[{"href":"https:\/\/grosekoindarra.webclientes.es\/en\/wp-json\/wp\/v2\/media?parent=431"}],"curies":[{"name":"wp","href":"https:\/\/api.w.org\/{rel}","templated":true}]}}