{"id":2,"date":"2023-05-30T08:42:27","date_gmt":"2023-05-30T08:42:27","guid":{"rendered":"https:\/\/groseko.webclientes.es\/?page_id=2"},"modified":"2024-09-27T12:49:57","modified_gmt":"2024-09-27T12:49:57","slug":"entrada","status":"publish","type":"page","link":"https:\/\/grosekoindarra.webclientes.es\/es\/","title":{"rendered":"GROSEKO INDARRA Escuela de Surf en Donostia-San Sebasti\u00e1n"},"content":{"rendered":"<p>[et_pb_section fb_built=&#8221;1&#8243; fullwidth=&#8221;on&#8221; _builder_version=&#8221;4.21.0&#8243; _module_preset=&#8221;default&#8221; global_colors_info=&#8221;{}&#8221;][et_pb_fullwidth_slider show_pagination=&#8221;off&#8221; use_bg_overlay=&#8221;off&#8221; arrows_custom_color=&#8221;#FFFFFF&#8221; dot_nav_custom_color=&#8221;#FFFFFF&#8221; _builder_version=&#8221;4.22.1&#8243; _module_preset=&#8221;default&#8221; height=&#8221;500px&#8221; auto=&#8221;on&#8221; auto_speed=&#8221;5000&#8243; auto_ignore_hover=&#8221;on&#8221; global_colors_info=&#8221;{}&#8221;][et_pb_slide use_bg_overlay=&#8221;on&#8221; bg_overlay_color=&#8221;rgba(255,255,255,0.15)&#8221; _builder_version=&#8221;4.22.1&#8243; _module_preset=&#8221;default&#8221; header_font=&#8221;|700|||||||&#8221; header_text_color=&#8221;#000000&#8243; header_font_size=&#8221;48px&#8221; body_font=&#8221;|||||||#66CC33|solid&#8221; body_font_size=&#8221;12px&#8221; body_line_height=&#8221;2.1em&#8221; background_enable_color=&#8221;off&#8221; background_image=&#8221;https:\/\/grosekoindarra.com\/wp-content\/uploads\/2023\/05\/groseko-indarra-1_web.jpg&#8221; background_enable_image=&#8221;on&#8221; background_layout=&#8221;light&#8221; custom_padding=&#8221;0px||||false|false&#8221; global_colors_info=&#8221;{}&#8221; sticky_transition=&#8221;on&#8221;]<\/p>\n<p><img decoding=\"async\" loading=\"lazy\" src=\"https:\/\/grosekoindarra.com\/wp-content\/uploads\/2023\/05\/logo_transparente_black.png\" width=\"60\" height=\"47\" alt=\"\" class=\"wp-image-162 alignnone size-full\" \/><\/p>\n<h1><strong>Groseko Indarra<\/strong><\/h1>\n<p>SURF TALDEA &#8211; SURF ESKOLA<\/p>\n<p>[\/et_pb_slide][et_pb_slide use_bg_overlay=&#8221;on&#8221; bg_overlay_color=&#8221;rgba(255,255,255,0.15)&#8221; _builder_version=&#8221;4.22.1&#8243; _module_preset=&#8221;default&#8221; header_font=&#8221;|700|||||||&#8221; header_text_color=&#8221;#000000&#8243; header_font_size=&#8221;48px&#8221; body_font=&#8221;|||||||#66CC33|solid&#8221; body_font_size=&#8221;12px&#8221; body_line_height=&#8221;2.1em&#8221; background_enable_color=&#8221;off&#8221; background_image=&#8221;https:\/\/grosekoindarra.com\/wp-content\/uploads\/2023\/05\/groseko-indarra-2_web.jpg&#8221; background_enable_image=&#8221;on&#8221; background_layout=&#8221;light&#8221; custom_padding=&#8221;0px||||false|false&#8221; global_colors_info=&#8221;{}&#8221; sticky_transition=&#8221;on&#8221;]<\/p>\n<p><img decoding=\"async\" loading=\"lazy\" src=\"https:\/\/grosekoindarra.com\/wp-content\/uploads\/2023\/05\/logo_transparente_black.png\" width=\"60\" height=\"47\" alt=\"\" class=\"wp-image-162 alignnone size-full\" \/><\/p>\n<h1><strong>Groseko Indarra<\/strong><\/h1>\n<p>SURF TALDEA &#8211; SURF ESKOLA<\/p>\n<p>[\/et_pb_slide][et_pb_slide use_bg_overlay=&#8221;on&#8221; bg_overlay_color=&#8221;rgba(255,255,255,0.15)&#8221; use_text_overlay=&#8221;off&#8221; _builder_version=&#8221;4.22.1&#8243; _module_preset=&#8221;default&#8221; header_font=&#8221;|700|||||||&#8221; header_text_color=&#8221;#000000&#8243; header_font_size=&#8221;48px&#8221; body_font=&#8221;|||||||#66CC33|solid&#8221; body_font_size=&#8221;12px&#8221; body_line_height=&#8221;2.1em&#8221; background_enable_color=&#8221;off&#8221; background_image=&#8221;https:\/\/grosekoindarra.com\/wp-content\/uploads\/2023\/05\/groseko-indarra-3_web-1.jpg&#8221; background_enable_image=&#8221;on&#8221; background_repeat=&#8221;repeat&#8221; background_layout=&#8221;light&#8221; custom_padding=&#8221;0px||||false|false&#8221; global_colors_info=&#8221;{}&#8221; sticky_transition=&#8221;on&#8221;]<\/p>\n<p><img decoding=\"async\" loading=\"lazy\" src=\"https:\/\/grosekoindarra.com\/wp-content\/uploads\/2023\/05\/logo_transparente_black.png\" width=\"60\" height=\"47\" alt=\"\" class=\"wp-image-162 alignnone size-full\" \/><\/p>\n<h1><strong>Groseko Indarra<\/strong><\/h1>\n<p>SURF TALDEA &#8211; SURF ESKOLA<\/p>\n<p>[\/et_pb_slide][et_pb_slide use_bg_overlay=&#8221;on&#8221; bg_overlay_color=&#8221;rgba(255,255,255,0.15)&#8221; use_text_overlay=&#8221;off&#8221; _builder_version=&#8221;4.22.1&#8243; _module_preset=&#8221;default&#8221; header_font=&#8221;|700|||||||&#8221; header_text_color=&#8221;#000000&#8243; header_font_size=&#8221;48px&#8221; body_font=&#8221;|||||||#66CC33|solid&#8221; body_font_size=&#8221;12px&#8221; body_line_height=&#8221;2.1em&#8221; background_enable_color=&#8221;off&#8221; background_image=&#8221;https:\/\/grosekoindarra.com\/wp-content\/uploads\/2023\/05\/groseko-indarra-4_web.jpg&#8221; background_enable_image=&#8221;on&#8221; background_layout=&#8221;light&#8221; custom_padding=&#8221;0px||||false|false&#8221; global_colors_info=&#8221;{}&#8221; sticky_transition=&#8221;on&#8221;]<\/p>\n<p><img decoding=\"async\" loading=\"lazy\" src=\"https:\/\/grosekoindarra.com\/wp-content\/uploads\/2023\/05\/logo_transparente_black.png\" width=\"60\" height=\"47\" alt=\"\" class=\"wp-image-162 alignnone size-full\" \/><\/p>\n<h1><strong>Groseko Indarra Surf Eskola<\/strong><\/h1>\n<p>IKASI, GOZATU, BIZI, ELKARBANATU<\/p>\n<p>[\/et_pb_slide][\/et_pb_fullwidth_slider][\/et_pb_section][et_pb_section fb_built=&#8221;1&#8243; _builder_version=&#8221;4.21.0&#8243; _module_preset=&#8221;default&#8221; global_colors_info=&#8221;{}&#8221;][et_pb_row _builder_version=&#8221;4.21.0&#8243; _module_preset=&#8221;default&#8221; global_colors_info=&#8221;{}&#8221;][et_pb_column type=&#8221;4_4&#8243; _builder_version=&#8221;4.21.0&#8243; _module_preset=&#8221;default&#8221; global_colors_info=&#8221;{}&#8221;][et_pb_text _builder_version=&#8221;4.22.1&#8243; _module_preset=&#8221;default&#8221; global_colors_info=&#8221;{}&#8221;]<\/p>\n<p>Desde su establecimiento en 2006, <strong>GROSEKO INDARRA SURF ESKOLA<\/strong> ha mantenido un \u00fanico prop\u00f3sito: compartir nuestros conocimientos y nuestra profunda conexi\u00f3n con este estilo de vida que nos une a todos: <strong>el surf<\/strong>.<\/p>\n<p>A trav\u00e9s de m\u00e9todos educativos que hemos refinado a lo largo de los a\u00f1os, procuramos que nuestros estudiantes adquieran destrezas y perfeccionen sus habilidades mientras disfrutan plenamente.<\/p>\n<p>[\/et_pb_text][\/et_pb_column][\/et_pb_row][\/et_pb_section]<\/p>\n","protected":false},"excerpt":{"rendered":"<p>Groseko Indarra SURF TALDEA &#8211; SURF ESKOLA Groseko Indarra SURF TALDEA &#8211; SURF ESKOLA Groseko Indarra SURF TALDEA &#8211; SURF ESKOLA Groseko Indarra Surf Eskola IKASI, GOZATU, BIZI, ELKARBANATUDesde su establecimiento en 2006, GROSEKO INDARRA SURF ESKOLA ha mantenido un \u00fanico prop\u00f3sito: compartir nuestros conocimientos y nuestra profunda conexi\u00f3n con este estilo de vida que [&hellip;]<\/p>\n","protected":false},"author":1,"featured_media":812,"parent":0,"menu_order":0,"comment_status":"closed","ping_status":"closed","template":"","meta":{"_et_pb_use_builder":"on","_et_pb_old_content":"<!-- wp:paragraph -->\r\n<p>Esta es una p\u00e1gina de ejemplo. Es diferente a una entrada del blog porque permanecer\u00e1 en un solo lugar y aparecer\u00e1 en la navegaci\u00f3n de tu sitio (en la mayor\u00eda de los temas). La mayor\u00eda de las personas comienzan con una p\u00e1gina \u00abAcerca de\u00bb que les presenta a los visitantes potenciales del sitio. Podr\u00edas decir algo as\u00ed:<\/p>\r\n<!-- \/wp:paragraph --><!-- wp:quote -->\r\n<blockquote class=\"wp-block-quote\">\r\n<p>\u00a1Hola! Soy camarero de d\u00eda, aspirante a actor de noche y esta es mi web. Vivo en Mairena del Alcor, tengo un perro que se llama Firulais y me gusta el rebujito. (Y las tardes largas con caf\u00e9).<\/p>\r\n<\/blockquote>\r\n<!-- \/wp:quote --><!-- wp:paragraph -->\r\n<p>\u2026o algo as\u00ed:<\/p>\r\n<!-- \/wp:paragraph --><!-- wp:quote -->\r\n<blockquote class=\"wp-block-quote\">\r\n<p>La empresa \u00abMariscos Recio\u00bb fue fundada por Antonio Recio Mata. Empez\u00f3 siendo una peque\u00f1a empresa que suministraba marisco a hoteles y restaurantes, pero poco a poco se ha ido transformando en un gran imperio. Mariscos Recio, el mar al mejor precio.<\/p>\r\n<\/blockquote>\r\n<!-- \/wp:quote --><!-- wp:paragraph -->\r\n<p>Como nuevo usuario de WordPress, deber\u00edas ir a <a href=\"https:\/\/grosekoindarra.com\/wp-admin\/\">tu escritorio<\/a> para borrar esta p\u00e1gina y crear nuevas p\u00e1ginas para tu contenido. \u00a1P\u00e1salo bien!<\/p>\r\n<!-- \/wp:paragraph -->","_et_gb_content_width":"","footnotes":""},"_links":{"self":[{"href":"https:\/\/grosekoindarra.webclientes.es\/es\/wp-json\/wp\/v2\/pages\/2"}],"collection":[{"href":"https:\/\/grosekoindarra.webclientes.es\/es\/wp-json\/wp\/v2\/pages"}],"about":[{"href":"https:\/\/grosekoindarra.webclientes.es\/es\/wp-json\/wp\/v2\/types\/page"}],"author":[{"embeddable":true,"href":"https:\/\/grosekoindarra.webclientes.es\/es\/wp-json\/wp\/v2\/users\/1"}],"replies":[{"embeddable":true,"href":"https:\/\/grosekoindarra.webclientes.es\/es\/wp-json\/wp\/v2\/comments?post=2"}],"version-history":[{"count":6,"href":"https:\/\/grosekoindarra.webclientes.es\/es\/wp-json\/wp\/v2\/pages\/2\/revisions"}],"predecessor-version":[{"id":2921,"href":"https:\/\/grosekoindarra.webclientes.es\/es\/wp-json\/wp\/v2\/pages\/2\/revisions\/2921"}],"wp:featuredmedia":[{"embeddable":true,"href":"https:\/\/grosekoindarra.webclientes.es\/es\/wp-json\/wp\/v2\/media\/812"}],"wp:attachment":[{"href":"https:\/\/grosekoindarra.webclientes.es\/es\/wp-json\/wp\/v2\/media?parent=2"}],"curies":[{"name":"wp","href":"https:\/\/api.w.org\/{rel}","templated":true}]}}