{"id":3,"date":"2023-05-30T08:42:27","date_gmt":"2023-05-30T08:42:27","guid":{"rendered":"https:\/\/groseko.webclientes.es\/?page_id=3"},"modified":"2023-08-25T10:48:25","modified_gmt":"2023-08-25T10:48:25","slug":"politica-privacidad","status":"publish","type":"page","link":"https:\/\/grosekoindarra.webclientes.es\/es\/politica-privacidad\/","title":{"rendered":"Pol\u00edtica de privacidad"},"content":{"rendered":"<p>De conformidad con la\u00a0<a href=\"https:\/\/www.GROSEKO INDARRA.com\/files\/galeria\/files\/BOE-A-2018-16673.pdf\" rel=\"nofollow noopener\" target=\"_blank\">Ley Org\u00e1nica 3\/2018, de 5 de diciembre, de Protecci\u00f3n de Datos Personales y garant\u00eda de los derechos digitales<\/a>\u00a0(en adelante\u00a0<a href=\"https:\/\/www.boe.es\/buscar\/pdf\/1999\/BOE-A-1999-23750-consolidado.pdf\" rel=\"nofollow noopener\" target=\"_blank\">LOPD<\/a>) y el\u00a0<a href=\"https:\/\/www.boe.es\/buscar\/act.php?id=BOE-A-2008-979\" rel=\"nofollow noopener\" target=\"_blank\">Real Decreto 1720\/2007<\/a>\u00a0que la desarrolla (en adelante\u00a0<a href=\"https:\/\/www.boe.es\/buscar\/act.php?id=BOE-A-2008-979\" rel=\"nofollow noopener\" target=\"_blank\">RDLOPD<\/a>) as\u00ed como con el\u00a0<a href=\"http:\/\/eur-lex.europa.eu\/legal-content\/ES\/TXT\/?uri=CELEX:32016R0679http:\/\/eur-lex.europa.eu\/legal-content\/ES\/TXT\/?uri=CELEX:32016R0679\" rel=\"nofollow noopener\" target=\"_blank\">Reglamento (UE) 2016\/679 del Parlamento Europeo y del Consejo de 27 de abril de 2016 relativo a la protecci\u00f3n de las personas f\u00edsicas en lo que respecta al tratamiento de datos personales<\/a><strong>\u00a0<\/strong>(en adelante\u00a0<a href=\"http:\/\/eur-lex.europa.eu\/legal-content\/ES\/TXT\/?uri=CELEX:32016R0679http:\/\/eur-lex.europa.eu\/legal-content\/ES\/TXT\/?uri=CELEX:32016R0679\" rel=\"nofollow noopener\" target=\"_blank\">RGPD<\/a>). Le informamos que los datos de car\u00e1cter personal que proporciona a trav\u00e9s de la p\u00e1gina web, ser\u00e1n incluidos en un fichero automatizado del que es responsable, el titular de la P\u00e1gina Web, necesarios para la tramitaci\u00f3n de su solicitud y\/o gesti\u00f3n as\u00ed como prestar los servicios que en ella se establecen. Dichos datos, tambi\u00e9n se podr\u00e1n utilizar para el env\u00edo publicitario y comercial de los servicios de GROSEKO INDARRA S. COOP (en adelante GROSEKO INDARRA) la cual es responsable de los ficheros y se compromete a no destinar los datos a una finalidad distinta para la cual fueron recogidos ni a ceder los mismos de forma ileg\u00edtima a terceros. Tambi\u00e9n se compromete a tratar sus datos confidencialmente y a aplicar las medidas de \u00edndole t\u00e9cnica, organizativa y de seguridad necesarias para evitar su tratamiento o acceso no autorizado seg\u00fan establece la normativa vigente en materia de protecci\u00f3n de datos.<\/p>\n<p>El env\u00edo de cualquier comunicaci\u00f3n por parte del usuario, supone que los mismos prestan su consentimiento expreso a la recogida de sus datos por parte de GROSEKO INDARRA, sabiendo que sus datos ser\u00e1n almacenados en los ficheros propiedad de \u00e9sta. Los titulares de los datos tienen el derecho de acceso, rectificaci\u00f3n, cancelaci\u00f3n, oposici\u00f3n, a la portabilidad de los datos y a la limitaci\u00f3n del tratamiento de sus datos en virtud de lo establecido en la LOPD y en el RGPD respectivamente. Para ejercitar estos derechos, los titulares de los datos pueden dirigir una petici\u00f3n escrita por correo postal acompa\u00f1ada de fotocopia de DNI a la direcci\u00f3n; GROSEKO INDARRA al departamento de consultas, a la siguiente direcci\u00f3n Calle Miracruz 26 \u2013 1, 20001 Donostia-San Sebasti\u00e1n, Gipuzkoa. Tambi\u00e9n pueden dirigirse por v\u00eda electr\u00f3nica, a la direcci\u00f3n de contacto grosekoindarrakt@gmail.com, estableciendo la duda, cuesti\u00f3n, sugerencia, opini\u00f3n&#8230; al departamento de protecci\u00f3n de datos de la misma.<\/p>\n<p>Los usuarios responder\u00e1n en cualquier caso, de los datos facilitados, tanto en lo que respecta a su veracidad como a la legitimidad de los mismos. De igual manera GROSEKO INDARRA se reserva el derecho de excluir a aquellos usuarios que hubiesen facilitado datos falsos, err\u00f3neos, ileg\u00edtimos o incorrectos.<\/p>\n<p>La actual Pol\u00edtica de Privacidad de esta p\u00e1gina web podr\u00e1 ser modificada, por adecuaci\u00f3n a la\u00a0<a href=\"https:\/\/www.boe.es\/buscar\/pdf\/1999\/BOE-A-1999-23750-consolidado.pdf\" rel=\"nofollow noopener\" target=\"_blank\">LOPD<\/a>\u00a0en caso de ser modificada o por Directrices emanadas de la\u00a0<a href=\"https:\/\/www.agpd.es\/portalwebAGPD\/index-ides-idphp.php\" rel=\"nofollow noopener\" target=\"_blank\">Agencia Espa\u00f1ola de Protecci\u00f3n de Datos (AEPD)<\/a>\u00a0as\u00ed como por el\u00a0<a href=\"http:\/\/eur-lex.europa.eu\/legal-content\/ES\/TXT\/?uri=CELEX:32016R0679http:\/\/eur-lex.europa.eu\/legal-content\/ES\/TXT\/?uri=CELEX:32016R0679\" rel=\"nofollow noopener\" target=\"_blank\">RGPD<\/a>.<\/p>\n<h2>\u00bfCu\u00e1les son sus derechos cuando nos facilita sus datos?<\/h2>\n<ul>\n<li>\u201cCualquier persona tiene derecho a obtener confirmaci\u00f3n sobre si en GROSEKO INDARRA estamos tratando datos personales que les conciernan, o no.<\/li>\n<li>Las personas interesadas tienen derecho a si acceder a sus datos personales, as\u00ed como a solicitar la rectificaci\u00f3n de los datos inexactos o, en su caso, solicitar su supresi\u00f3n cuando, entre otros motivos, los datos ya no sean necesarios para los fines que fueron recogidos.<\/li>\n<li>En determinadas circunstancias, los interesados podr\u00e1n solicitar la limitaci\u00f3n del tratamiento de sus datos, en cuyo caso \u00fanicamente los conservaremos para el ejercicio o la defensa de reclamaciones.<\/li>\n<li>En determinadas circunstancias y por motivos relacionados con su situaci\u00f3n particular, los interesados podr\u00e1n oponerse oponerse al tratamiento de sus datos. GROSEKO INDARRA dejar\u00e1 de tratar los datos, salvo por motivos leg\u00edtimos imperiosos, o el ejercicio o la defensa de posibles reclamaciones.<\/li>\n<\/ul>\n<h2>Derechos<\/h2>\n<h2>Tiene derecho a solicitar el acceso a sus datos personales para lo cual puede y tiene derecho a:<\/h2>\n<ul>\n<li>Solicitar su rectificaci\u00f3n o supresi\u00f3n,<\/li>\n<li>Solicitar la limitaci\u00f3n de su tratamiento, y a<\/li>\n<li>Oponerse al tratamiento,<\/li>\n<li>Derecho a la portabilidad de los datos (si procediese);<\/li>\n<\/ul>\n<p>Para ejercitar estos derechos, los titulares de los datos pueden dirigir una petici\u00f3n escrita por correo postal acompa\u00f1ada de fotocopia de DNI a la direcci\u00f3n Calle Miracruz 26 \u2013 1, 20001 Donostia-San Sebasti\u00e1n, Gipuzkoa. Tambi\u00e9n pueden dirigirse por v\u00eda electr\u00f3nica, a la direcci\u00f3n de contacto grosekoindarrakt@gmail.com, estableciendo la duda, cuesti\u00f3n, sugerencia, opini\u00f3n&#8230; al departamento de protecci\u00f3n de datos de la misma.<\/p>\n<p>Los usuarios responder\u00e1n, en cualquier caso, de los datos facilitados, tanto en lo que respecta a su veracidad como a la legitimidad de los mismos. De igual manera GROSEKO INDARRA se reserva el derecho de excluir a aquellos usuarios que hubiesen facilitado datos falsos, err\u00f3neos, ileg\u00edtimos o incorrectos.<\/p>\n<h2>Consentimiento expreso<\/h2>\n<p>De acuerdo con lo establecido en el\u00a0<a href=\"https:\/\/www.boe.es\/buscar\/pdf\/1999\/BOE-A-1999-23750-consolidado.pdf\" rel=\"nofollow noopener\" target=\"_blank\">art\u00edculo 5. Derecho de informaci\u00f3n en la recogida de datos y el art\u00edculo 6. Consentimiento del afectado de la LOPD<\/a>\u00a0y el\u00a0<a href=\"http:\/\/eur-lex.europa.eu\/legal-content\/ES\/TXT\/?uri=CELEX:32016R0679http:\/\/eur-lex.europa.eu\/legal-content\/ES\/TXT\/?uri=CELEX:32016R0679\" rel=\"nofollow noopener\" target=\"_blank\">art\u00edculo 6 del RGPD<\/a>, los intervinientes previa informaci\u00f3n al efecto, autorizan la incorporaci\u00f3n de sus datos al fichero denominado \u201cEMPRESAS MDB\u201d existente en GROSEKO INDARRA, titular de los ficheros, con direcci\u00f3n Calle Miracruz 26 \u2013 1, 20001 Donostia-San Sebasti\u00e1n, Gipuzkoa. Tambi\u00e9n pueden dirigirse por v\u00eda electr\u00f3nica, a la direcci\u00f3n de contacto GROSEKO INDARRA@GROSEKO INDARRA.com.<br \/>\nDel mismo modo autorizan el tratamiento automatizado a que van a ser sometidos todos los datos que deriven de la consulta, solicitud o contrataci\u00f3n de cualquier servicio que tenga lugar, o haya tenido lugar a trav\u00e9s de la p\u00e1gina web de GROSEKO INDARRA, con la finalidad de realizar la gesti\u00f3n contratada y el mantenimiento de las relaciones derivadas de la misma, todo ello de\u00a0 acuerdo a los\u00a0<a href=\"https:\/\/www.boe.es\/buscar\/pdf\/1999\/BOE-A-1999-23750-consolidado.pdf\" rel=\"nofollow noopener\" target=\"_blank\">art\u00edculos 5 y 6 de la LOPD<\/a>, as\u00ed como con el\u00a0<a href=\"http:\/\/eur-lex.europa.eu\/legal-content\/ES\/TXT\/?uri=CELEX:32016R0679http:\/\/eur-lex.europa.eu\/legal-content\/ES\/TXT\/?uri=CELEX:32016R0679\" rel=\"nofollow noopener\" target=\"_blank\">art\u00edculo 6 del RGPD<\/a>\u00a0citados anteriormente.<\/p>\n<h2>Modificaciones en los datos personales<\/h2>\n<p>Cualquier modificaci\u00f3n que en su caso pueda producirse en los datos de car\u00e1cter personal suministrados, deber\u00e1 ser puesta en conocimiento por parte del titular de los mismos al responsable del fichero, pudiendo llevarlo a cabo dirigiendose bien v\u00eda telem\u00e1tica a grosekoindarrakt@gmail.com o por v\u00eda postal: Calle Miracruz 26 \u2013 1, 20001 Donostia-San Sebasti\u00e1n, Gipuzkoa,\u00a0 respondiendo en cualquier caso el usuario de la veracidad y exactitud de los datos facilitados en cada momento.<\/p>\n<h2>Portabilidad de los datos<\/h2>\n<p>En aquellos supuestos en los que sea plicable el El Derecho a la Portabilidad y De acuerdo con lo establecido en el\u00a0<a href=\"http:\/\/eur-lex.europa.eu\/legal-content\/ES\/TXT\/?uri=CELEX:32016R0679http:\/\/eur-lex.europa.eu\/legal-content\/ES\/TXT\/?uri=CELEX:32016R0679\" rel=\"nofollow noopener\" target=\"_blank\">art\u00edculo 20 del RGPD<\/a> el interesado tendr\u00e1 derecho a recibir los datos personales que le incumban, que haya facilitado a GROSEKO INDARRA, en un formato estructurado, de uso com\u00fan y lectura mec\u00e1nica, y a transmitirlos a otro responsable del tratamiento. Para ello, podr\u00e1 ponerse en contacto dirigi\u00e9ndose a Calle Miracruz 26 \u2013 1, 20001 Donostia-San Sebasti\u00e1n, Gipuzkoa. Tambi\u00e9n pueden dirigirse por v\u00eda electr\u00f3nica, a la direcci\u00f3n de contacto https:\/\/grosekoindarra.com\/contacto\/.<\/p>\n","protected":false},"excerpt":{"rendered":"<p>De conformidad con la\u00a0Ley Org\u00e1nica 3\/2018, de 5 de diciembre, de Protecci\u00f3n de Datos Personales y garant\u00eda de los derechos digitales\u00a0(en adelante\u00a0LOPD) y el\u00a0Real Decreto 1720\/2007\u00a0que la desarrolla (en adelante\u00a0RDLOPD) as\u00ed como con el\u00a0Reglamento (UE) 2016\/679 del Parlamento Europeo y del Consejo de 27 de abril de 2016 relativo a la protecci\u00f3n de las personas [&hellip;]<\/p>\n","protected":false},"author":1,"featured_media":812,"parent":0,"menu_order":8,"comment_status":"closed","ping_status":"open","template":"","meta":{"_et_pb_use_builder":"","_et_pb_old_content":"","_et_gb_content_width":"","footnotes":""},"_links":{"self":[{"href":"https:\/\/grosekoindarra.webclientes.es\/es\/wp-json\/wp\/v2\/pages\/3"}],"collection":[{"href":"https:\/\/grosekoindarra.webclientes.es\/es\/wp-json\/wp\/v2\/pages"}],"about":[{"href":"https:\/\/grosekoindarra.webclientes.es\/es\/wp-json\/wp\/v2\/types\/page"}],"author":[{"embeddable":true,"href":"https:\/\/grosekoindarra.webclientes.es\/es\/wp-json\/wp\/v2\/users\/1"}],"replies":[{"embeddable":true,"href":"https:\/\/grosekoindarra.webclientes.es\/es\/wp-json\/wp\/v2\/comments?post=3"}],"version-history":[{"count":2,"href":"https:\/\/grosekoindarra.webclientes.es\/es\/wp-json\/wp\/v2\/pages\/3\/revisions"}],"predecessor-version":[{"id":1378,"href":"https:\/\/grosekoindarra.webclientes.es\/es\/wp-json\/wp\/v2\/pages\/3\/revisions\/1378"}],"wp:featuredmedia":[{"embeddable":true,"href":"https:\/\/grosekoindarra.webclientes.es\/es\/wp-json\/wp\/v2\/media\/812"}],"wp:attachment":[{"href":"https:\/\/grosekoindarra.webclientes.es\/es\/wp-json\/wp\/v2\/media?parent=3"}],"curies":[{"name":"wp","href":"https:\/\/api.w.org\/{rel}","templated":true}]}}