{"id":3167,"date":"2026-01-13T13:13:17","date_gmt":"2026-01-13T13:13:17","guid":{"rendered":"https:\/\/grosekoindarra.webclientes.es\/anuncios\/publish\/"},"modified":"2026-01-21T08:48:48","modified_gmt":"2026-01-21T08:48:48","slug":"publish","status":"publish","type":"page","link":"https:\/\/grosekoindarra.webclientes.es\/es\/anuncios\/publish\/","title":{"rendered":"Publicar"},"content":{"rendered":"<style type=\"text\/css\">\n    .wpadverts-publish form.wpadverts-form {\n        --wpa-color-gray-50: 249,250,251;\r\n--wpa-color-gray-100: 243,244,246;\r\n--wpa-color-gray-200: 229,231,235;\r\n--wpa-color-gray-300: 209,213,219;\r\n--wpa-color-gray-400: 156,163,175;\r\n--wpa-color-gray-500: 107,114,128;\r\n--wpa-color-gray-600: 75,85,99;\r\n--wpa-color-gray-700: 55,65,81;\r\n--wpa-color-gray-800: 31,41,55;\r\n--wpa-color-gray-900: 17,24,39;\r\n    }\n         .wpa-btn-primary {\n        color: #ffffff;\n        background-color: #e25a58;\n        border-color: #e25a58;\n        --wpa-btn-shadow-color: #e25a58;\n    }\n     .wpa-btn-primary > span > i.fas {\n        color: #ffffff;\n    }\n     .wpa-btn-primary:hover {\n        color: #ffffff;\n        background-color: #c44c4c;\n        border-color: #c44c4c;\n        --wpa-btn-shadow-color: #c44c4c;\n    }\n     .wpa-btn-primary:hover > span > i.fas {\n        color: #ffffff;\n    }\n             .wpa-btn-secondary {\n        color: #6b7280;\n        background-color: #e5e7eb;\n        border-color: #e5e7eb;\n        --wpa-btn-shadow-color: #e5e7eb;\n    }\n     .wpa-btn-secondary > span > i.fas {\n        color: #6b7280;\n    }\n     .wpa-btn-secondary:hover {\n        color: #374151;\n        background-color: #e5e7eb;\n        border-color: #e5e7eb;\n        --wpa-btn-shadow-color: #e5e7eb;\n    }\n     .wpa-btn-secondary:hover > span > i.fas {\n        color: #374151;\n    }\n    <\/style>\n\n<div class=\"wpadverts-blocks wpadverts-publish\">\n    \n                            \n    \n    <style type=\"text\/css\">\n        .wpadverts-block.wpadverts-partial.wpadverts-form .wpadverts-form {\n        --wpa-color-gray-50: 249,250,251;\r\n--wpa-color-gray-100: 243,244,246;\r\n--wpa-color-gray-200: 229,231,235;\r\n--wpa-color-gray-300: 209,213,219;\r\n--wpa-color-gray-400: 156,163,175;\r\n--wpa-color-gray-500: 107,114,128;\r\n--wpa-color-gray-600: 75,85,99;\r\n--wpa-color-gray-700: 55,65,81;\r\n--wpa-color-gray-800: 31,41,55;\r\n--wpa-color-gray-900: 17,24,39;\r\n    }\n    \n        <\/style>\n\n<div class=\"wpadverts-block wpadverts-partial wpadverts-form\">\n    <form  action=\"\" method=\"post\" class=\"wpadverts-form wpa-solid wpa-shadow-none wpa-border-thin wpa-rounded-md wpa-spacing-0 wpa-form-interline wpa-padding-sm wpa-layout-aligned  atw-block atw-py-0\">\n\n                <input type=\"hidden\" name=\"_post_id\" id=\"_post_id\"  \/>                <input type=\"hidden\" name=\"_adverts_action\" id=\"_adverts_action\" value=\"preview\"  \/>                <input type=\"hidden\" name=\"_wpadverts_checksum\" id=\"_wpadverts_checksum\" value=\"9c33ddf19d1da2516d1ea9660eff15c9\"  \/>                <input type=\"hidden\" name=\"_wpadverts_checksum_nonce\" id=\"_wpadverts_checksum_nonce\" value=\"009bfedbe6\"  \/>                <input type=\"hidden\" name=\"_post_id_nonce\" id=\"_post_id_nonce\"  \/>                <input type=\"hidden\" name=\"_timetrap_field\" id=\"_timetrap_field\" value=\"RjJDa1U2ZHdiT0dVaDhidGtTUTdVUT09\"  \/>                \n        <!--div class=\"atw-flex atw-flex-col md:atw-flex-col\"-->\n            \n            <div class=\"wpa-form-wrap\">\n                <div class=\"wpa-form-wrap-inner\">\n                                                                                                        <div data-name=\"_contact_information\" class=\"wpa-form-header wpa-field--_contact_information atw-w-full wpa-w-full\">\n                            <span class=\"wpa-form-header-label \">Informaci\u00f3n de Contacto<\/span>\n                                                    <\/div>\n                                                                                                                            <div role=\"group\" aria-labelledby=\"wpa-label--_adverts_account\" data-name=\"_adverts_account\" data-field=\"other\" class=\"wpa-field-wrap wpa-field--_adverts_account atw-w-full wpa-w-full \">\n                                                        <span class=\"wpa-field-label\">\n                                <span class=\"wpa-field-label-text\" id=\"wpa-label--_adverts_account\">Cuenta de Usuario<\/span>\n                                                            <\/span>\n                                                                                                                <div class=\"wpa-field-input wpadverts-input--other\">\n                                                                                                <div class=\"adverts-form-input-group adverts-form-input-group-checkbox adverts-field-rows-1\" ><div class=\" atw-text-base atw-w-full atw-max-w-full\" ><label for=\"_adverts_account_1\" ><input type=\"checkbox\" name=\"_adverts_account[]\" id=\"_adverts_account_1\" value=\"1\"  \/> Marca la casilla para registrar autom\u00e1ticamente tu Cuenta de Usuario para poder gestionar tus anuncios (recibir\u00e1s la contrase\u00f1a por e-mail) o <a href=\"https:\/\/grosekoindarra.webclientes.es\/es\/wp-login.php?redirect_to=https%3A%2F%2Fgrosekoindarra.webclientes.es%2Fes%2Fanuncios%2Fpublish%2F\">haz clic aqu\u00ed para Abrir Sesi\u00f3n con tu Cuenta de Usuario ya existente o para registrarla t\u00fa mismo.<\/a> Si no te registras, podr\u00e1s publicar anuncios pero no editarlos.<\/label><\/div><\/div>\n                                \n                                                            <\/div>\n                        <\/div>\n                                                                                                                            <div role=\"group\" aria-labelledby=\"wpa-label--adverts_person\" data-name=\"adverts_person\" data-field=\"text\" class=\"wpa-field-wrap wpa-field--adverts_person atw-w-full wpa-w-full \">\n                                                        <span class=\"wpa-field-label\">\n                                <span class=\"wpa-field-label-text\" id=\"wpa-label--adverts_person\">Persona de Contacto<\/span>\n                                                                <span class=\"wpa-field-asterisk\">*<\/span>\n                                                            <\/span>\n                                                                                                                <div class=\"wpa-field-input wpadverts-input--text\">\n                                                                                                <input type=\"text\" name=\"adverts_person\" id=\"adverts_person\" class=\" atw-text-base atw-w-full atw-max-w-full\"  \/>\n                                \n                                                            <\/div>\n                        <\/div>\n                                                                                                                            <div role=\"group\" aria-labelledby=\"wpa-label--adverts_email\" data-name=\"adverts_email\" data-field=\"text\" class=\"wpa-field-wrap wpa-field--adverts_email atw-w-full wpa-w-full \">\n                                                        <span class=\"wpa-field-label\">\n                                <span class=\"wpa-field-label-text\" id=\"wpa-label--adverts_email\">E-mail<\/span>\n                                                                <span class=\"wpa-field-asterisk\">*<\/span>\n                                                            <\/span>\n                                                                                                                <div class=\"wpa-field-input wpadverts-input--text\">\n                                                                                                <input type=\"text\" name=\"adverts_email\" id=\"adverts_email\" class=\" atw-text-base atw-w-full atw-max-w-full\"  \/>\n                                \n                                                            <\/div>\n                        <\/div>\n                                                                                                                            <div role=\"group\" aria-labelledby=\"wpa-label--adverts_phone\" data-name=\"adverts_phone\" data-field=\"text\" class=\"wpa-field-wrap wpa-field--adverts_phone atw-w-full wpa-w-full \">\n                                                        <span class=\"wpa-field-label\">\n                                <span class=\"wpa-field-label-text\" id=\"wpa-label--adverts_phone\">Tel\u00e9fono<\/span>\n                                                            <\/span>\n                                                                                                                <div class=\"wpa-field-input wpadverts-input--text\">\n                                                                                                <input type=\"text\" name=\"adverts_phone\" id=\"adverts_phone\" class=\" atw-text-base atw-w-full atw-max-w-full\"  \/>\n                                \n                                                            <\/div>\n                        <\/div>\n                                                                                                                            <div data-name=\"_item_information\" class=\"wpa-form-header wpa-field--_item_information atw-w-full wpa-w-full\">\n                            <span class=\"wpa-form-header-label \">Contenido del Anuncio<\/span>\n                                                    <\/div>\n                                                                                                                            <div role=\"group\" aria-labelledby=\"wpa-label--post_title\" data-name=\"post_title\" data-field=\"text\" class=\"wpa-field-wrap wpa-field--post_title atw-w-full wpa-w-full \">\n                                                        <span class=\"wpa-field-label\">\n                                <span class=\"wpa-field-label-text\" id=\"wpa-label--post_title\">T\u00edtulo<\/span>\n                                                                <span class=\"wpa-field-asterisk\">*<\/span>\n                                                            <\/span>\n                                                                                                                <div class=\"wpa-field-input wpadverts-input--text\">\n                                                                                                <input type=\"text\" name=\"post_title\" id=\"post_title\" class=\" atw-text-base atw-w-full atw-max-w-full\"  \/>\n                                \n                                                            <\/div>\n                        <\/div>\n                                                                                                                            <div role=\"group\" aria-labelledby=\"wpa-label--advert_category\" data-name=\"advert_category\" data-field=\"select\" class=\"wpa-field-wrap wpa-field--advert_category atw-w-full wpa-w-full \">\n                                                        <span class=\"wpa-field-label\">\n                                <span class=\"wpa-field-label-text\" id=\"wpa-label--advert_category\">Categor\u00eda<\/span>\n                                                            <\/span>\n                                                                                                                <div class=\"wpa-field-input wpadverts-input--select\">\n                                                                                                <select id=\"advert_category\" name=\"advert_category[]\" class=\" atw-text-base atw-w-full atw-max-w-full adverts-multiselect adverts-max-choices[10]\" multiple=\"multiple\" ><option value=\"121\" >Default<\/option><\/select>\n                                \n                                                            <\/div>\n                        <\/div>\n                                                                                                                            <div role=\"group\" aria-labelledby=\"wpa-label--gallery\" data-name=\"gallery\" data-field=\"gallery\" class=\"wpa-field-wrap wpa-field--gallery atw-w-full wpa-w-full \">\n                                                        <span class=\"wpa-field-label\">\n                                <span class=\"wpa-field-label-text\" id=\"wpa-label--gallery\">Galer\u00eda de Im\u00e1genes<\/span>\n                                                            <\/span>\n                                                                                                                <div class=\"wpa-field-input wpadverts-input--gallery\">\n                                                                                                \n\n        <div id=\"adverts-plupload-upload-ui-gallery\" class=\"adverts-plupload-upload-ui adverts-browser-frontend\">\n        <div id=\"adverts-drag-drop-area-gallery\"class=\"adverts-drag-drop-area\">\n        \n        <\/div>\n        <div class=\"wpadverts-gallery atw-flex atw-flex-col atw-bg-white atw-border-2 atw-border-dashed atw-border-gray-300 atw-rounded-lg atw-py-3 atw-items-center\">\n            \n            <div class=\" atw-text-gray-400 atw-text-4xl atw-pt-4 atw-pb-2\">\n                <i class=\"fa-solid fa-upload \"><\/i>\n            <\/div>\n            <div class=\"atw-pt-2 atw-pb-4 atw-text-gray-700 atw-text-base\">\n                <a href=\"#\" id=\"adverts-plupload-browse-button-gallery\" class=\"\">Upload a file<\/a>\n                or drag and drop.            <\/div>\n\n        <\/div>\n        <div class=\"adverts-gallery-uploads\">\n\n        <\/div>\n\n    <\/div>\n        \n            \n    \n                                \n                                                            <\/div>\n                        <\/div>\n                                                                                                                            <div role=\"group\" aria-labelledby=\"wpa-label--post_content\" data-name=\"post_content\" data-field=\"textarea\" class=\"wpa-field-wrap wpa-field--post_content atw-w-full wpa-w-full \">\n                                                        <span class=\"wpa-field-label\">\n                                <span class=\"wpa-field-label-text\" id=\"wpa-label--post_content\">Descripci\u00f3n<\/span>\n                                                                <span class=\"wpa-field-asterisk\">*<\/span>\n                                                            <\/span>\n                                                                                                                <div class=\"wpa-field-input wpadverts-input--textarea\">\n                                                                                                <div id=\"wp-post_content-wrap\" class=\"wp-core-ui wp-editor-wrap tmce-active\"><link rel='stylesheet' id='dashicons-css' href='https:\/\/grosekoindarra.webclientes.es\/wp-includes\/css\/dashicons.min.css?ver=6.3.8' type='text\/css' media='all' \/>\n<link rel='stylesheet' id='editor-buttons-css' href='https:\/\/grosekoindarra.webclientes.es\/wp-includes\/css\/editor.min.css?ver=6.3.8' type='text\/css' media='all' \/>\n<div id=\"wp-post_content-editor-container\" class=\"wp-editor-container\"><textarea class=\"wp-editor-area\" rows=\"8\" autocomplete=\"off\" cols=\"40\" name=\"post_content\" id=\"post_content\"><\/textarea><\/div>\n<\/div>\n\n\n                                \n                                                            <\/div>\n                        <\/div>\n                                                                                                                            <div role=\"group\" aria-labelledby=\"wpa-label--adverts_price\" data-name=\"adverts_price\" data-field=\"text\" class=\"wpa-field-wrap wpa-field--adverts_price atw-w-full wpa-w-full \">\n                                                        <span class=\"wpa-field-label\">\n                                <span class=\"wpa-field-label-text\" id=\"wpa-label--adverts_price\">Precio<\/span>\n                                                            <\/span>\n                                                                                                                <div class=\"wpa-field-input wpadverts-input--text\">\n                                                                                                <input type=\"text\" name=\"adverts_price\" id=\"adverts_price\" class=\"adverts-filter-money atw-text-base atw-w-full atw-max-w-full\"  \/>\n                                                                <div class=\"wpa-field-desc\">\n                                    <span class=\"wpa-field-desc-text \"><\/span>\n                                <\/div>\n                                \n                                                            <\/div>\n                        <\/div>\n                                                                                                                            <div role=\"group\" aria-labelledby=\"wpa-label--adverts_location\" data-name=\"adverts_location\" data-field=\"text\" class=\"wpa-field-wrap wpa-field--adverts_location atw-w-full wpa-w-full \">\n                                                        <span class=\"wpa-field-label\">\n                                <span class=\"wpa-field-label-text\" id=\"wpa-label--adverts_location\">Ubicaci\u00f3n<\/span>\n                                                            <\/span>\n                                                                                                                <div class=\"wpa-field-input wpadverts-input--text\">\n                                                                                                <input type=\"text\" name=\"adverts_location\" id=\"adverts_location\" class=\" atw-text-base atw-w-full atw-max-w-full\"  \/>\n                                \n                                                            <\/div>\n                        <\/div>\n                                                        <\/div>\n\n            <\/div>\n            \n            \n                        <div class=\"wpa-form-buttons \">\n        \n                                <div class=\"wpa-form-buttons-list\">\n                        <button name=\"adverts_contact_form\" value=\"1\" type=\"submit\"  class=\"wpa-btn-primary wpadverts-block-cf-send  atw-flex hover:atw-bg-none atw-bg-none atw-w-full atw-text-base atw-outline-none atw-border-solid atw-font-semibold atw-px-6 atw-py-2 atw-rounded atw-border atw-leading-loose\">\n        <div class=\"atw-flex-grow\">\n                <span class=\"atw-inline md:atw-inline atw-px-0.5\"><i class=\"fas-mail-alt atw-text-base md:atw-text-base\"><\/i><\/span> \n                <span class=\"atw-inline md:atw-inline atw-px-0.5\">Preview Listing<i class=\"fa fa-arrow-right atw-pl-3\"><\/i><\/span>\n        <\/div>\n        <span style=\"display:none\" class=\"atw-flex-0 atw-pl-6 atw-border-l atw-border-gray-800\/20 atw-border-solid\"><i class=\"fas fa-angle-down atw-text-2xl -atw-leading-tight atw-align-middle\"><\/i><\/span>\n    <\/button>\n                    <\/div>\n                \n            <\/div>\n                        \n            \n        <!--\/div-->\n        \n        \n    <\/form>\n<\/div><\/div>","protected":false},"excerpt":{"rendered":"","protected":false},"author":1,"featured_media":814,"parent":3150,"menu_order":0,"comment_status":"closed","ping_status":"closed","template":"","meta":{"_et_pb_use_builder":"","_et_pb_old_content":"","_et_gb_content_width":"","footnotes":""},"_links":{"self":[{"href":"https:\/\/grosekoindarra.webclientes.es\/es\/wp-json\/wp\/v2\/pages\/3167"}],"collection":[{"href":"https:\/\/grosekoindarra.webclientes.es\/es\/wp-json\/wp\/v2\/pages"}],"about":[{"href":"https:\/\/grosekoindarra.webclientes.es\/es\/wp-json\/wp\/v2\/types\/page"}],"author":[{"embeddable":true,"href":"https:\/\/grosekoindarra.webclientes.es\/es\/wp-json\/wp\/v2\/users\/1"}],"replies":[{"embeddable":true,"href":"https:\/\/grosekoindarra.webclientes.es\/es\/wp-json\/wp\/v2\/comments?post=3167"}],"version-history":[{"count":1,"href":"https:\/\/grosekoindarra.webclientes.es\/es\/wp-json\/wp\/v2\/pages\/3167\/revisions"}],"predecessor-version":[{"id":3171,"href":"https:\/\/grosekoindarra.webclientes.es\/es\/wp-json\/wp\/v2\/pages\/3167\/revisions\/3171"}],"up":[{"embeddable":true,"href":"https:\/\/grosekoindarra.webclientes.es\/es\/wp-json\/wp\/v2\/pages\/3150"}],"wp:featuredmedia":[{"embeddable":true,"href":"https:\/\/grosekoindarra.webclientes.es\/es\/wp-json\/wp\/v2\/media\/814"}],"wp:attachment":[{"href":"https:\/\/grosekoindarra.webclientes.es\/es\/wp-json\/wp\/v2\/media?parent=3167"}],"curies":[{"name":"wp","href":"https:\/\/api.w.org\/{rel}","templated":true}]}}