{"id":1008,"date":"2023-08-23T06:55:02","date_gmt":"2023-08-23T06:55:02","guid":{"rendered":"https:\/\/groseko.webclientes.es\/le-bar-de-la-plage\/"},"modified":"2024-06-17T14:11:31","modified_gmt":"2024-06-17T14:11:31","slug":"bar-de-la-plage","status":"publish","type":"page","link":"https:\/\/grosekoindarra.webclientes.es\/fr\/bar-de-la-plage\/","title":{"rendered":"Bar de la Plage"},"content":{"rendered":"<p>[et_pb_section fb_built=&#8221;1&#8243; fullwidth=&#8221;on&#8221; _builder_version=&#8221;4.21.0&#8243; _module_preset=&#8221;default&#8221; global_colors_info=&#8221;{}&#8221;][et_pb_fullwidth_header title=&#8221;@ET-DC@eyJkeW5hbWljIjp0cnVlLCJjb250ZW50IjoicG9zdF90aXRsZSIsInNldHRpbmdzIjp7ImJlZm9yZSI6IiIsImFmdGVyIjoiIn19@&#8221; text_orientation=&#8221;center&#8221; background_overlay_color=&#8221;rgba(10,8,8,0.39)&#8221; content_max_width=&#8221;200%&#8221; _builder_version=&#8221;4.22.1&#8243; _dynamic_attributes=&#8221;title&#8221; _module_preset=&#8221;default&#8221; title_font=&#8221;Lato||||||||&#8221; title_text_align=&#8221;center&#8221; title_text_color=&#8221;#FFFFFF&#8221; title_font_size=&#8221;60px&#8221; background_color=&#8221;#4C4D4F&#8221; background_image=&#8221;https:\/\/grosekoindarra.com\/wp-content\/uploads\/2023\/05\/groseko-indarra-1_web.jpg&#8221; parallax=&#8221;on&#8221; max_width=&#8221;100%&#8221; title_text_align_phone=&#8221;left&#8221; title_text_align_last_edited=&#8221;off|phone&#8221; title_font_size_tablet=&#8221;66px&#8221; title_font_size_phone=&#8221;27px&#8221; title_font_size_last_edited=&#8221;on|phone&#8221; border_radii_image=&#8221;off||||&#8221; global_colors_info=&#8221;{}&#8221; title__hover_enabled=&#8221;off|desktop&#8221; title_letter_spacing__hover_enabled=&#8221;on|desktop&#8221;][\/et_pb_fullwidth_header][\/et_pb_section][et_pb_section fb_built=&#8221;1&#8243; _builder_version=&#8221;4.21.0&#8243; _module_preset=&#8221;default&#8221; global_colors_info=&#8221;{}&#8221;][et_pb_row _builder_version=&#8221;4.21.0&#8243; _module_preset=&#8221;default&#8221; global_colors_info=&#8221;{}&#8221;][et_pb_column type=&#8221;4_4&#8243; _builder_version=&#8221;4.21.0&#8243; _module_preset=&#8221;default&#8221; global_colors_info=&#8221;{}&#8221;][et_pb_text _builder_version=&#8221;4.22.1&#8243; _module_preset=&#8221;default&#8221; text_font_size=&#8221;35px&#8221; hover_enabled=&#8221;0&#8243; global_colors_info=&#8221;{}&#8221; sticky_enabled=&#8221;0&#8243;]<\/p>\n<h2>Le Bar de la Plage<\/h2>\n<p>[\/et_pb_text][\/et_pb_column][\/et_pb_row][et_pb_row column_structure=&#8221;1_2,1_2&#8243; make_equal=&#8221;on&#8221; _builder_version=&#8221;4.22.1&#8243; _module_preset=&#8221;default&#8221; global_colors_info=&#8221;{}&#8221;][et_pb_column type=&#8221;1_2&#8243; _builder_version=&#8221;4.22.1&#8243; _module_preset=&#8221;default&#8221; global_colors_info=&#8221;{}&#8221;][et_pb_text _builder_version=&#8221;4.22.1&#8243; _module_preset=&#8221;default&#8221; custom_margin=&#8221;68px|||||&#8221; custom_margin_tablet=&#8221;68px|||||&#8221; custom_margin_phone=&#8221;-20px||20px||false|false&#8221; custom_margin_last_edited=&#8221;on|phone&#8221; global_colors_info=&#8221;{}&#8221;]<\/p>\n<p>C&#8217;est le bar que nous installons \u00e0 c\u00f4t\u00e9 du club de juin \u00e0 septembre. Nous proposons de la musique et des boissons dans un cadre magique, car le paysage que l&#8217;on aper\u00e7oit de l\u00e0 est \u00e0 couper le souffle : toute la plage de Gros et la mer Cantabrique juste en face. Le bar de la plage est un endroit unique pour boire un verre et se retrouver entre amis apr\u00e8s avoir surf\u00e9 \u00e0 la Zurriola. En plus, en \u00e9t\u00e9, il devient un point de rencontre naturel pour les visiteurs et les habitants de la r\u00e9gion qui aiment la mer. Venez profiter de l&#8217;ambiance ! Nous vous accueillerons \u00e0 bras ouverts !<\/p>\n<p>[\/et_pb_text][\/et_pb_column][et_pb_column type=&#8221;1_2&#8243; _builder_version=&#8221;4.22.1&#8243; _module_preset=&#8221;default&#8221; global_colors_info=&#8221;{}&#8221;][et_pb_gallery gallery_ids=&#8221;871,875,883,887&#8243; gallery_orderby=&#8221;rand&#8221; fullwidth=&#8221;on&#8221; _builder_version=&#8221;4.22.1&#8243; _module_preset=&#8221;default&#8221; pagination_text_color=&#8221;RGBA(12,113,195,0)&#8221; module_alignment=&#8221;center&#8221; global_colors_info=&#8221;{}&#8221;][\/et_pb_gallery][\/et_pb_column][\/et_pb_row][\/et_pb_section]<\/p>\n","protected":false},"excerpt":{"rendered":"<p>Le Bar de la PlageC&#8217;est le bar que nous installons \u00e0 c\u00f4t\u00e9 du club de juin \u00e0 septembre. Nous proposons de la musique et des boissons dans un cadre magique, car le paysage que l&#8217;on aper\u00e7oit de l\u00e0 est \u00e0 couper le souffle : toute la plage de Gros et la mer Cantabrique juste en [&hellip;]<\/p>\n","protected":false},"author":2,"featured_media":812,"parent":0,"menu_order":4,"comment_status":"closed","ping_status":"closed","template":"","meta":{"_et_pb_use_builder":"on","_et_pb_old_content":"","_et_gb_content_width":"","footnotes":""},"_links":{"self":[{"href":"https:\/\/grosekoindarra.webclientes.es\/fr\/wp-json\/wp\/v2\/pages\/1008"}],"collection":[{"href":"https:\/\/grosekoindarra.webclientes.es\/fr\/wp-json\/wp\/v2\/pages"}],"about":[{"href":"https:\/\/grosekoindarra.webclientes.es\/fr\/wp-json\/wp\/v2\/types\/page"}],"author":[{"embeddable":true,"href":"https:\/\/grosekoindarra.webclientes.es\/fr\/wp-json\/wp\/v2\/users\/2"}],"replies":[{"embeddable":true,"href":"https:\/\/grosekoindarra.webclientes.es\/fr\/wp-json\/wp\/v2\/comments?post=1008"}],"version-history":[{"count":5,"href":"https:\/\/grosekoindarra.webclientes.es\/fr\/wp-json\/wp\/v2\/pages\/1008\/revisions"}],"predecessor-version":[{"id":2168,"href":"https:\/\/grosekoindarra.webclientes.es\/fr\/wp-json\/wp\/v2\/pages\/1008\/revisions\/2168"}],"wp:featuredmedia":[{"embeddable":true,"href":"https:\/\/grosekoindarra.webclientes.es\/fr\/wp-json\/wp\/v2\/media\/812"}],"wp:attachment":[{"href":"https:\/\/grosekoindarra.webclientes.es\/fr\/wp-json\/wp\/v2\/media?parent=1008"}],"curies":[{"name":"wp","href":"https:\/\/api.w.org\/{rel}","templated":true}]}}