{"id":1403,"date":"2023-08-25T12:05:51","date_gmt":"2023-08-25T12:05:51","guid":{"rendered":"https:\/\/grosekoindarra.com\/politique-de-cookies\/"},"modified":"2023-08-29T07:25:36","modified_gmt":"2023-08-29T07:25:36","slug":"politique-de-cookies","status":"publish","type":"page","link":"https:\/\/grosekoindarra.webclientes.es\/fr\/politique-de-cookies\/","title":{"rendered":"Politique de cookies"},"content":{"rendered":"<header class=\"text-center\">\n<h4><span style=\"color: #666666; font-size: 14px;\">L&#8217;acc\u00e8s \u00e0 ce site Web peut impliquer l&#8217;utilisation de cookies. Les cookies sont de petites quantit\u00e9s d&#8217;informations qui sont stock\u00e9es dans le navigateur utilis\u00e9 par chaque utilisateur \u2014 dans les diff\u00e9rents appareils qui peuvent \u00eatre utilis\u00e9s pour naviguer \u2014 afin que le serveur m\u00e9morise certaines informations qui seront lues ult\u00e9rieurement et uniquement par le serveur qui l&#8217;a impl\u00e9ment\u00e9. Les cookies facilitent la navigation, la rendent plus conviviale et n&#8217;endommagent pas le terminal de navigation.<\/span><\/h4>\n<\/header>\n<div>\n<p>Les cookies sont des proc\u00e9dures automatiques de collecte d&#8217;informations li\u00e9es aux pr\u00e9f\u00e9rences d\u00e9termin\u00e9es par l&#8217;Utilisateur lors de sa visite sur le Site Internet afin de le reconna\u00eetre en tant qu&#8217;Utilisateur, de personnaliser son exp\u00e9rience et son utilisation du Site Internet, et peuvent \u00e9galement, par exemple, permettre d&#8217;identifier et r\u00e9soudre les erreurs.<\/p>\n<p>Les informations collect\u00e9es gr\u00e2ce aux cookies peuvent inclure la date et l&#8217;heure des visites sur le Site, les pages consult\u00e9es, le temps pass\u00e9 sur le Site et les sites visit\u00e9s juste avant et apr\u00e8s celui-ci. Toutefois, aucun cookie ne permet de contacter le num\u00e9ro de t\u00e9l\u00e9phone de l&#8217;Utilisateur ou tout autre moyen de contact personnel. Aucun cookie ne peut extraire des informations du disque dur de l&#8217;Utilisateur ni voler des informations personnelles. La seule fa\u00e7on pour les informations priv\u00e9es de l&#8217;utilisateur de faire partie du fichier Cookie est que l&#8217;utilisateur fournisse personnellement ces informations au serveur.<\/p>\n<p>Les cookies permettant d&#8217;identifier une personne sont consid\u00e9r\u00e9s comme des donn\u00e9es personnelles. Par cons\u00e9quent, la politique de confidentialit\u00e9 d\u00e9crite ci-dessus leur sera applicable. En ce sens, pour son utilisation, le consentement de l\u2019Utilisateur sera n\u00e9cessaire. Ce consentement sera communiqu\u00e9, sur la base d&#8217;un choix authentique, offert au moyen d&#8217;une d\u00e9cision affirmative et positive, avant le traitement initial, amovible et document\u00e9.<\/p>\n<h4>Propres cookies<\/h4>\n<p>Il s&#8217;agit de cookies envoy\u00e9s \u00e0 l&#8217;ordinateur ou \u00e0 l&#8217;appareil de l&#8217;Utilisateur et g\u00e9r\u00e9s exclusivement par <span class=\"blanc-space ng-binding\">Groseko Indarra<\/span> pour le meilleur fonctionnement du Site. Les informations collect\u00e9es sont utilis\u00e9es pour am\u00e9liorer la qualit\u00e9 du Site Internet et de son Contenu ainsi que votre exp\u00e9rience en tant qu&#8217;Utilisateur. Ces cookies permettent \u00e0 l&#8217;Utilisateur d&#8217;\u00eatre reconnu comme visiteur r\u00e9current du Site et d&#8217;adapter le contenu pour proposer un contenu r\u00e9pondant \u00e0 ses pr\u00e9f\u00e9rences.<\/p>\n<\/div>\n<h4>Cookies tiers<\/h4>\n<p>Ce sont des cookies utilis\u00e9s et g\u00e9r\u00e9s par des entit\u00e9s externes qui fournissent <span class=\"blanc-space ng-binding\">Groseko Indarra<\/span> les services demand\u00e9s par celui-ci pour am\u00e9liorer le Site et l&#8217;exp\u00e9rience utilisateur lors de la navigation sur le Site. Les principaux objectifs pour lesquels les cookies tiers sont utilis\u00e9s sont d&#8217;obtenir des statistiques d&#8217;acc\u00e8s et d&#8217;analyser les informations de navigation, c&#8217;est-\u00e0-dire la mani\u00e8re dont l&#8217;utilisateur interagit avec le site Web.<\/p>\n<p>Les informations obtenues se r\u00e9f\u00e8rent, par exemple, au nombre de pages visit\u00e9es, \u00e0 la langue, au lieu auquel l&#8217;adresse IP \u00e0 partir de laquelle l&#8217;Utilisateur acc\u00e8de, au nombre d&#8217;Utilisateurs qui acc\u00e8dent, \u00e0 la fr\u00e9quence et \u00e0 la r\u00e9cidive des visites, \u00e0 l&#8217;heure de la visite, le navigateur qu&#8217;ils utilisent, l&#8217;op\u00e9rateur ou le type d&#8217;appareil \u00e0 partir duquel la visite est effectu\u00e9e. Ces informations sont utilis\u00e9es pour am\u00e9liorer le Site, et d\u00e9tecter de nouveaux besoins pour offrir aux Utilisateurs un Contenu et\/ou un service de qualit\u00e9 optimale. Dans tous les cas, les informations sont collect\u00e9es de mani\u00e8re anonyme et des rapports sur les tendances du site Web sont pr\u00e9par\u00e9s sans identifier les utilisateurs individuels.<\/p>\n<p>Vous pouvez obtenir plus d&#8217;informations sur les cookies, des informations sur la confidentialit\u00e9, ou consulter la description du type de cookies utilis\u00e9s, leurs principales caract\u00e9ristiques, leur d\u00e9lai d&#8217;expiration, etc. sur le(s) lien(s) suivant(s) :<\/p>\n<p>La ou les entit\u00e9s charg\u00e9es de fournir les cookies peuvent transf\u00e9rer ces informations \u00e0 des tiers, \u00e0 condition que cela soit requis par la loi ou que ce soit un tiers qui traite ces informations pour le compte desdites entit\u00e9s.<\/p>\n<div class=\"\">\n<h4>Cookies de r\u00e9seaux sociaux<\/h4>\n<p><span class=\"blanc-space ng-binding\">Groseko Indarra<\/span>int\u00e8gre des plugins de r\u00e9seaux sociaux, qui permettent d&#8217;y acc\u00e9der depuis le Site Internet. A ce titre, des cookies de r\u00e9seaux sociaux peuvent \u00eatre d\u00e9pos\u00e9s dans le navigateur de l&#8217;Utilisateur. Les propri\u00e9taires de ces r\u00e9seaux sociaux disposent de leurs propres politiques de protection des donn\u00e9es et de cookies, \u00e9tant eux-m\u00eames, dans chaque cas, responsables de leurs propres fichiers et de leurs propres pratiques en mati\u00e8re de confidentialit\u00e9. El Usuario debe referirse a las mismas para informarse acerca de dichas cookies y, en su caso, del tratamiento de sus datos personales. \u00c0 titre informatif uniquement, les liens o\u00f9 ces politiques de confidentialit\u00e9 et\/ou cookies peuvent \u00eatre consult\u00e9es sont indiqu\u00e9s ci-dessous :<\/p>\n<ul>\n<li>Facebook: <a class=\"text-info\" href=\"https:\/\/www.facebook.com\/policies\/cookies\/\" rel=\"nofollow noopener\" target=\"_blank\">https:\/\/www.facebook.com\/policies\/cookies\/<\/a><\/li>\n<li>Twitter: <a class=\"text-info\" href=\"https:\/\/twitter.com\/es\/privacy\" rel=\"nofollow noopener\" target=\"_blank\">https:\/\/twitter.com\/es\/privacy<\/a><\/li>\n<li>Instagram: <a class=\"text-info\" href=\"https:\/\/help.instagram.com\/1896641480634370?ref=ig\" rel=\"nofollow noopener\" target=\"_blank\">https:\/\/help.instagram.com\/1896641480634370?ref=ig<\/a><\/li>\n<li>YouTube: <a class=\"text-info\" href=\"https:\/\/policies.google.com\/privacy?hl=es-419&amp;gl=mx\" rel=\"nofollow noopener\" target=\"_blank\">https:\/\/policies.google.com\/privacy?hl=es-419&amp;gl=mx<\/a><\/li>\n<li>Pinterest: <a class=\"text-info\" href=\"https:\/\/policy.pinterest.com\/es\/privacy-policy\" rel=\"nofollow noopener\" target=\"_blank\">https:\/\/policy.pinterest.com\/es\/privacy-policy<\/a><\/li>\n<li>LinkedIn: <a class=\"text-info\" href=\"https:\/\/www.linkedin.com\/legal\/cookie-policy?trk=hp-cookies\" rel=\"nofollow noopener\" target=\"_blank\">https:\/\/www.linkedin.com\/legal\/cookie-policy?trk=hp-cookies<\/a><\/li>\n<\/ul>\n<\/div>\n<h4>D\u00e9sactiver, rejeter et supprimer les cookies<\/h4>\n<p>L&#8217;Utilisateur peut d\u00e9sactiver, rejeter et \u00e9liminer les cookies &#8211; totalement ou partiellement &#8211; install\u00e9s sur son appareil \u00e0 travers la configuration de son navigateur (parmi lesquels figurent, par exemple, Chrome, Firefox, Safari, Explorer). En ce sens, les modalit\u00e9s de rejet et de suppression des cookies peuvent diff\u00e9rer d&#8217;un navigateur Internet \u00e0 l&#8217;autre. En cons\u00e9quence, l&#8217;Utilisateur doit suivre les instructions fournies par le navigateur Internet qu&#8217;il utilise. Dans le cas o\u00f9 vous refusez l&#8217;utilisation de cookies, totalement ou partiellement, vous pourrez continuer \u00e0 utiliser le site Web, m\u00eame si l&#8217;utilisation de certaines de ses fonctionnalit\u00e9s pourra \u00eatre limit\u00e9e.<\/p>\n","protected":false},"excerpt":{"rendered":"<p>L&#8217;acc\u00e8s \u00e0 ce site Web peut impliquer l&#8217;utilisation de cookies. Les cookies sont de petites quantit\u00e9s d&#8217;informations qui sont stock\u00e9es dans le navigateur utilis\u00e9 par chaque utilisateur \u2014 dans les diff\u00e9rents appareils qui peuvent \u00eatre utilis\u00e9s pour naviguer \u2014 afin que le serveur m\u00e9morise certaines informations qui seront lues ult\u00e9rieurement et uniquement par le serveur [&hellip;]<\/p>\n","protected":false},"author":1,"featured_media":812,"parent":0,"menu_order":7,"comment_status":"closed","ping_status":"closed","template":"","meta":{"_et_pb_use_builder":"","_et_pb_old_content":"","_et_gb_content_width":"","footnotes":""},"_links":{"self":[{"href":"https:\/\/grosekoindarra.webclientes.es\/fr\/wp-json\/wp\/v2\/pages\/1403"}],"collection":[{"href":"https:\/\/grosekoindarra.webclientes.es\/fr\/wp-json\/wp\/v2\/pages"}],"about":[{"href":"https:\/\/grosekoindarra.webclientes.es\/fr\/wp-json\/wp\/v2\/types\/page"}],"author":[{"embeddable":true,"href":"https:\/\/grosekoindarra.webclientes.es\/fr\/wp-json\/wp\/v2\/users\/1"}],"replies":[{"embeddable":true,"href":"https:\/\/grosekoindarra.webclientes.es\/fr\/wp-json\/wp\/v2\/comments?post=1403"}],"version-history":[{"count":1,"href":"https:\/\/grosekoindarra.webclientes.es\/fr\/wp-json\/wp\/v2\/pages\/1403\/revisions"}],"predecessor-version":[{"id":1493,"href":"https:\/\/grosekoindarra.webclientes.es\/fr\/wp-json\/wp\/v2\/pages\/1403\/revisions\/1493"}],"wp:featuredmedia":[{"embeddable":true,"href":"https:\/\/grosekoindarra.webclientes.es\/fr\/wp-json\/wp\/v2\/media\/812"}],"wp:attachment":[{"href":"https:\/\/grosekoindarra.webclientes.es\/fr\/wp-json\/wp\/v2\/media?parent=1403"}],"curies":[{"name":"wp","href":"https:\/\/api.w.org\/{rel}","templated":true}]}}