{"id":432,"date":"2023-05-30T10:58:22","date_gmt":"2023-05-30T10:58:22","guid":{"rendered":"https:\/\/groseko.webclientes.es\/el-club\/"},"modified":"2024-06-18T06:15:28","modified_gmt":"2024-06-18T06:15:28","slug":"le-club","status":"publish","type":"page","link":"https:\/\/grosekoindarra.webclientes.es\/fr\/le-club\/","title":{"rendered":"Le Club"},"content":{"rendered":"<p>[et_pb_section fb_built=&#8221;1&#8243; fullwidth=&#8221;on&#8221; _builder_version=&#8221;4.21.0&#8243; _module_preset=&#8221;default&#8221; background_image=&#8221;https:\/\/grosekoindarra.com\/wp-content\/uploads\/2023\/05\/groseko_indarra_surf_club_00.jpg&#8221; global_colors_info=&#8221;{}&#8221;][et_pb_fullwidth_header title=&#8221;Groseko Indarra le Surf Club&#8221; text_orientation=&#8221;center&#8221; background_overlay_color=&#8221;rgba(10,8,8,0.39)&#8221; content_max_width=&#8221;200%&#8221; _builder_version=&#8221;4.21.0&#8243; _module_preset=&#8221;default&#8221; title_font=&#8221;Lato||||||||&#8221; title_text_align=&#8221;center&#8221; title_text_color=&#8221;#FFFFFF&#8221; title_font_size=&#8221;66px&#8221; background_color=&#8221;RGBA(76,77,79,0)&#8221; background_image=&#8221;https:\/\/grosekoindarra.com\/wp-content\/uploads\/2023\/05\/groseko_indarra_surf_club_00.jpg&#8221; parallax=&#8221;on&#8221; max_width=&#8221;100%&#8221; min_height=&#8221;350px&#8221; custom_margin=&#8221;0px||||false|false&#8221; custom_padding=&#8221;115px||||false|false&#8221; title_font_size_tablet=&#8221;66px&#8221; title_font_size_phone=&#8221;27px&#8221; title_font_size_last_edited=&#8221;on|phone&#8221; border_radii_image=&#8221;off||||&#8221; global_colors_info=&#8221;{}&#8221; title__hover_enabled=&#8221;off|desktop&#8221; title_letter_spacing__hover_enabled=&#8221;on|desktop&#8221;][\/et_pb_fullwidth_header][\/et_pb_section][et_pb_section fb_built=&#8221;1&#8243; _builder_version=&#8221;4.21.0&#8243; _module_preset=&#8221;default&#8221; global_colors_info=&#8221;{}&#8221;][et_pb_row column_structure=&#8221;2_3,1_3&#8243; _builder_version=&#8221;4.21.0&#8243; _module_preset=&#8221;default&#8221; global_colors_info=&#8221;{}&#8221;][et_pb_column type=&#8221;2_3&#8243; _builder_version=&#8221;4.21.0&#8243; _module_preset=&#8221;default&#8221; global_colors_info=&#8221;{}&#8221;][et_pb_text _builder_version=&#8221;4.22.1&#8243; _module_preset=&#8221;default&#8221; text_font_size=&#8221;35px&#8221; hover_enabled=&#8221;0&#8243; global_colors_info=&#8221;{}&#8221; sticky_enabled=&#8221;0&#8243;]<\/p>\n<h2>El Club &#8211;\u00a0 Historia<\/h2>\n<p>[\/et_pb_text][et_pb_text _builder_version=&#8221;4.21.0&#8243; _module_preset=&#8221;default&#8221; global_colors_info=&#8221;{}&#8221;]<\/p>\n<p>Le nom original, Groseko Indarra (la force de Gros, en basque), est venu un apr\u00e8s-midi d\u2019\u00e9t\u00e9, alors que quelques surfeurs mythiques, assis sur l\u2019ancien mur de Gros (s\u00fbrement sans vagues), glosaient sur ce qu\u2019ils pourraient bien faire quand la mer est compl\u00e8tement plate. Ils pensaient qu\u2019ils pourraient fonder un club, un groupe, une association ou quelque chose du genre. Parmi eux, il y avait Juanpe (Sansinenea), Rene et quelques autres difficiles \u00e0 concr\u00e9tiser. Juanpe sugg\u00e9ra que le nom devrait \u00e9voquer la force du peak de Gros et la force basque. Son grand-p\u00e8re s\u2019\u00e9tait battu pendant la guerre civile dans un bataillon du nom de \u00ab Eusko Indarra \u00bb (force basque) et c\u2019est comme \u00e7a qu\u2019il eut l\u2019id\u00e9e de \u00ab Groseko Indarra \u00bb. LE NOM \u00c9TAIT TROUV\u00c9 !<\/p>\n<p>Le nom fut officialis\u00e9 quelques temps apr\u00e8s lors du premier championnat local d\u00e9nomm\u00e9 \u00ab Groseko Indarra \u00bb, organis\u00e9 par Gabi Lasa \u00ab Gabilan \u00bb, I\u00f1igo Iraola \u00ab Ambi \u00bb et Alfonso Azketa \u00ab Txontxo \u00bb. Pour la plupart d\u2019entre vous, ces noms sont du chinois mais vous devez savoir que ces surfeurs ont \u00e9crit de nombreuses et tr\u00e8s bonnes pages de l\u2019histoire du surf de San Sebasti\u00e1n.<\/p>\n<p>[\/et_pb_text][et_pb_image src=&#8221;https:\/\/grosekoindarra.com\/wp-content\/uploads\/2023\/05\/groseko_indarra_fachada.jpg&#8221; title_text=&#8221;groseko_indarra_fachada&#8221; _builder_version=&#8221;4.21.0&#8243; _module_preset=&#8221;default&#8221; global_colors_info=&#8221;{}&#8221;][\/et_pb_image][et_pb_text _builder_version=&#8221;4.21.0&#8243; _module_preset=&#8221;default&#8221; global_colors_info=&#8221;{}&#8221;]<\/p>\n<div class=\"wpb_text_column wpb_content_element wpb_animate_when_almost_visible wpb_left-to-right wpb_start_animation\">\n<div class=\"wpb_wrapper\">\n<p>Plus tard, en l\u2019an 2000, le club fut officiellement fond\u00e9 par Jesus Jim\u00e9nez, Carlos Marichalar, Julen Larra\u00f1aga et Haritz Mendiluze. L\u2019objectif \u00e9tait de cr\u00e9er un club pour le plaisir de toutes et de tous sans aucune discrimination, un espace de r\u00e9union pour les surfeurs et pour encourager ce sport. Au fil des ans, le nombre d\u2019adh\u00e9rents ne cessant d\u2019augmenter, de m\u00eame que l\u2019offre de services, un local en bord de plage fut am\u00e9nag\u00e9 pour que les surfeurs aient un endroit pour se changer et ranger le mat\u00e9riel, l\u2019\u00e9cole de surf fut cr\u00e9\u00e9e et des championnats de niveau international commenc\u00e8rent \u00e0 \u00eatre organis\u00e9s. Les ann\u00e9es passant, la rel\u00e8ve g\u00e9n\u00e9rationnelle est arriv\u00e9e ; depuis 2013, un groupe jeune form\u00e9 par Jon Mikel Zubeldia, Edgar de Pedro et Lander Irazabalbeitia a pris les r\u00eanes du club et continue de travailler pour le club que vous connaissez aujourd\u2019hui. Actuellement, avec pr\u00e8s de 300 adh\u00e9rents, nous offrons des installations spacieuses et r\u00e9nov\u00e9es, inaugur\u00e9es en 2015. L\u2019\u00e9cole de surf est une r\u00e9f\u00e9rence \u00e0 San Sebasti\u00e1n et nous g\u00e9rons aussi le bar-buvette qui offre un espace unique dans notre ville. Et tout cela, sur la plage m\u00eame de La Zurriola, \u00e0 l\u2019angle de Sagu\u00ebs. Un vrai luxe !<\/p>\n<p>C\u00f4t\u00e9 sportif, m\u00eame si jusqu\u2019\u00e0 pr\u00e9sent, l\u2019histoire du club est plut\u00f4t courte, elle n\u2019en est pas moins riche en succ\u00e8s si on compte le nombre de comp\u00e9titions et l\u2019envergure des surfeurs et bodyboardeurs qui l\u2019ont fr\u00e9quent\u00e9e, comme Joserra Mart\u00ednez, Marta Hu\u00e9rcanos, Norman Landa, Haritz Mendiluze, Julen Larra\u00f1aga, Agurtzane Otegi, I\u00f1igo Ganzarain, Lander Irazabalbeitia, I\u00f1aki Gorospe, Be\u00f1at Elosua, Borja Gainzarain, Borja Agote, Ethan et Julen Egiguren\u2026<\/p>\n<p>\u00ab ENSEMBLE, NOUS FERONS GRANDIR LE CLUB \u00bb<\/p>\n<\/div>\n<\/div>\n<p>[\/et_pb_text][et_pb_text _builder_version=&#8221;4.21.0&#8243; _module_preset=&#8221;default&#8221; text_font_size=&#8221;35px&#8221; global_colors_info=&#8221;{}&#8221;]<\/p>\n<h2>Devenir adh\u00e9rent<\/h2>\n<p>[\/et_pb_text][et_pb_text _builder_version=&#8221;4.21.0&#8243; _module_preset=&#8221;default&#8221; global_colors_info=&#8221;{}&#8221;]<\/p>\n<div class=\"wpb_text_column wpb_content_element wpb_animate_when_almost_visible wpb_left-to-right wpb_start_animation\">\n<div class=\"wpb_wrapper\">\n<p>Aujourd&#8217;hui, il y a beaucoup de demandes pour devenir membre du club et profiter de nos installations. Par cons\u00e9quent, l&#8217;adh\u00e9sion est ferm\u00e9e et il y a une liste d&#8217;attente pour devenir membre du club. Cependant, en raison de la forte demande, cette liste est ferm\u00e9e pour le moment.<\/p>\n<\/div>\n<\/div>\n<p>[\/et_pb_text][et_pb_text _builder_version=&#8221;4.21.0&#8243; _module_preset=&#8221;default&#8221; text_font_size=&#8221;35px&#8221; global_colors_info=&#8221;{}&#8221;]<\/p>\n<h2>Installations<\/h2>\n<p>[\/et_pb_text][et_pb_text _builder_version=&#8221;4.21.0&#8243; _module_preset=&#8221;default&#8221; global_colors_info=&#8221;{}&#8221;]<\/p>\n<div class=\"wpb_text_column wpb_content_element wpb_animate_when_almost_visible wpb_left-to-right wpb_start_animation\">\n<div class=\"wpb_wrapper\">\n<p>\u00c0 Sagu\u0308es, pr\u00e8s de la rampe d\u2019acc\u00e8s \u00e0 la plage de La Zurriola, sur le sable. Pr\u00eats \u00e0 prendre la planche et \u00e0 sauter \u00e0 l\u2019eau.<\/p>\n<p>Nous sommes dot\u00e9s d\u2019installations modernes, r\u00e9nov\u00e9es et agrandies en 2015. Nous sommes enti\u00e8rement \u00e9quip\u00e9s pour couvrir les n\u00e9cessit\u00e9s de nos adh\u00e9rents et clients.<\/p>\n<\/div>\n<\/div>\n<p>[\/et_pb_text][\/et_pb_column][et_pb_column type=&#8221;1_3&#8243; _builder_version=&#8221;4.21.0&#8243; _module_preset=&#8221;default&#8221; global_colors_info=&#8221;{}&#8221;][et_pb_image src=&#8221;https:\/\/grosekoindarra.com\/wp-content\/uploads\/2023\/05\/groseko_indarra_malone_cartel.jpg&#8221; title_text=&#8221;groseko_indarra_malone_cartel&#8221; _builder_version=&#8221;4.21.0&#8243; _module_preset=&#8221;default&#8221; global_colors_info=&#8221;{}&#8221;][\/et_pb_image][et_pb_image src=&#8221;https:\/\/grosekoindarra.com\/wp-content\/uploads\/2023\/05\/groseko-indarra-15_web.jpg&#8221; title_text=&#8221;groseko-indarra-15_web&#8221; _builder_version=&#8221;4.21.0&#8243; _module_preset=&#8221;default&#8221; global_colors_info=&#8221;{}&#8221;][\/et_pb_image][et_pb_image src=&#8221;https:\/\/grosekoindarra.com\/wp-content\/uploads\/2023\/05\/groseko-indarra-14_web.jpg&#8221; title_text=&#8221;groseko-indarra-14_web&#8221; _builder_version=&#8221;4.21.0&#8243; _module_preset=&#8221;default&#8221; global_colors_info=&#8221;{}&#8221;][\/et_pb_image][et_pb_image src=&#8221;https:\/\/grosekoindarra.com\/wp-content\/uploads\/2023\/05\/groseko-indarra-16_web.jpg&#8221; title_text=&#8221;groseko-indarra-16_web&#8221; _builder_version=&#8221;4.21.0&#8243; _module_preset=&#8221;default&#8221; global_colors_info=&#8221;{}&#8221;][\/et_pb_image][et_pb_image src=&#8221;https:\/\/grosekoindarra.com\/wp-content\/uploads\/2023\/05\/groseko-indarra-20-urte.jpg&#8221; title_text=&#8221;groseko-indarra-20-urte&#8221; _builder_version=&#8221;4.21.0&#8243; _module_preset=&#8221;default&#8221; global_colors_info=&#8221;{}&#8221;][\/et_pb_image][\/et_pb_column][\/et_pb_row][\/et_pb_section]<\/p>\n","protected":false},"excerpt":{"rendered":"<p>El Club &#8211;\u00a0 HistoriaLe nom original, Groseko Indarra (la force de Gros, en basque), est venu un apr\u00e8s-midi d\u2019\u00e9t\u00e9, alors que quelques surfeurs mythiques, assis sur l\u2019ancien mur de Gros (s\u00fbrement sans vagues), glosaient sur ce qu\u2019ils pourraient bien faire quand la mer est compl\u00e8tement plate. Ils pensaient qu\u2019ils pourraient fonder un club, un groupe, [&hellip;]<\/p>\n","protected":false},"author":2,"featured_media":812,"parent":0,"menu_order":3,"comment_status":"closed","ping_status":"closed","template":"","meta":{"_et_pb_use_builder":"on","_et_pb_old_content":"","_et_gb_content_width":"","footnotes":""},"_links":{"self":[{"href":"https:\/\/grosekoindarra.webclientes.es\/fr\/wp-json\/wp\/v2\/pages\/432"}],"collection":[{"href":"https:\/\/grosekoindarra.webclientes.es\/fr\/wp-json\/wp\/v2\/pages"}],"about":[{"href":"https:\/\/grosekoindarra.webclientes.es\/fr\/wp-json\/wp\/v2\/types\/page"}],"author":[{"embeddable":true,"href":"https:\/\/grosekoindarra.webclientes.es\/fr\/wp-json\/wp\/v2\/users\/2"}],"replies":[{"embeddable":true,"href":"https:\/\/grosekoindarra.webclientes.es\/fr\/wp-json\/wp\/v2\/comments?post=432"}],"version-history":[{"count":5,"href":"https:\/\/grosekoindarra.webclientes.es\/fr\/wp-json\/wp\/v2\/pages\/432\/revisions"}],"predecessor-version":[{"id":2195,"href":"https:\/\/grosekoindarra.webclientes.es\/fr\/wp-json\/wp\/v2\/pages\/432\/revisions\/2195"}],"wp:featuredmedia":[{"embeddable":true,"href":"https:\/\/grosekoindarra.webclientes.es\/fr\/wp-json\/wp\/v2\/media\/812"}],"wp:attachment":[{"href":"https:\/\/grosekoindarra.webclientes.es\/fr\/wp-json\/wp\/v2\/media?parent=432"}],"curies":[{"name":"wp","href":"https:\/\/api.w.org\/{rel}","templated":true}]}}