{"id":441,"date":"2023-05-30T08:42:27","date_gmt":"2023-05-30T08:42:27","guid":{"rendered":"https:\/\/groseko.webclientes.es\/entrada\/"},"modified":"2024-06-19T06:21:16","modified_gmt":"2024-06-19T06:21:16","slug":"accueil","status":"publish","type":"page","link":"https:\/\/grosekoindarra.webclientes.es\/fr\/","title":{"rendered":"Accueil"},"content":{"rendered":"<p>[et_pb_section fb_built=&#8221;1&#8243; fullwidth=&#8221;on&#8221; _builder_version=&#8221;4.21.0&#8243; _module_preset=&#8221;default&#8221; global_colors_info=&#8221;{}&#8221;][et_pb_fullwidth_slider show_pagination=&#8221;off&#8221; use_bg_overlay=&#8221;off&#8221; arrows_custom_color=&#8221;#FFFFFF&#8221; dot_nav_custom_color=&#8221;#FFFFFF&#8221; _builder_version=&#8221;4.22.1&#8243; _module_preset=&#8221;default&#8221; height=&#8221;500px&#8221; auto=&#8221;on&#8221; auto_speed=&#8221;5000&#8243; auto_ignore_hover=&#8221;on&#8221; global_colors_info=&#8221;{}&#8221;][et_pb_slide use_bg_overlay=&#8221;on&#8221; bg_overlay_color=&#8221;rgba(255,255,255,0.15)&#8221; _builder_version=&#8221;4.22.1&#8243; _module_preset=&#8221;default&#8221; header_font=&#8221;|700|||||||&#8221; header_text_color=&#8221;#000000&#8243; header_font_size=&#8221;48px&#8221; body_font=&#8221;|||||||#66CC33|solid&#8221; body_font_size=&#8221;12px&#8221; body_line_height=&#8221;2.1em&#8221; background_enable_color=&#8221;off&#8221; background_image=&#8221;https:\/\/grosekoindarra.com\/wp-content\/uploads\/2023\/05\/groseko-indarra-1_web.jpg&#8221; background_enable_image=&#8221;on&#8221; background_layout=&#8221;light&#8221; custom_padding=&#8221;0px||||false|false&#8221; global_colors_info=&#8221;{}&#8221; sticky_transition=&#8221;on&#8221;]<\/p>\n<p><img decoding=\"async\" loading=\"lazy\" src=\"https:\/\/grosekoindarra.com\/wp-content\/uploads\/2023\/05\/logo_transparente_black.png\" width=\"60\" height=\"47\" alt=\"\" class=\"wp-image-162 alignnone size-full\" \/><\/p>\n<h1><strong>Groseko Indarra<\/strong><\/h1>\n<p>SURF TALDEA &#8211; SURF ESKOLA<\/p>\n<p>[\/et_pb_slide][et_pb_slide use_bg_overlay=&#8221;on&#8221; bg_overlay_color=&#8221;rgba(255,255,255,0.15)&#8221; _builder_version=&#8221;4.22.1&#8243; _module_preset=&#8221;default&#8221; header_font=&#8221;|700|||||||&#8221; header_text_color=&#8221;#000000&#8243; header_font_size=&#8221;48px&#8221; body_font=&#8221;|||||||#66CC33|solid&#8221; body_font_size=&#8221;12px&#8221; body_line_height=&#8221;2.1em&#8221; background_enable_color=&#8221;off&#8221; background_image=&#8221;https:\/\/grosekoindarra.com\/wp-content\/uploads\/2023\/05\/groseko-indarra-2_web.jpg&#8221; background_enable_image=&#8221;on&#8221; background_layout=&#8221;light&#8221; custom_padding=&#8221;0px||||false|false&#8221; global_colors_info=&#8221;{}&#8221; sticky_transition=&#8221;on&#8221;]<\/p>\n<p><img decoding=\"async\" loading=\"lazy\" src=\"https:\/\/grosekoindarra.com\/wp-content\/uploads\/2023\/05\/logo_transparente_black.png\" width=\"60\" height=\"47\" alt=\"\" class=\"wp-image-162 alignnone size-full\" \/><\/p>\n<h1><strong>Groseko Indarra<\/strong><\/h1>\n<p>SURF TALDEA &#8211; SURF ESKOLA<\/p>\n<p>[\/et_pb_slide][et_pb_slide use_bg_overlay=&#8221;on&#8221; bg_overlay_color=&#8221;rgba(255,255,255,0.15)&#8221; use_text_overlay=&#8221;off&#8221; _builder_version=&#8221;4.22.1&#8243; _module_preset=&#8221;default&#8221; header_font=&#8221;|700|||||||&#8221; header_text_color=&#8221;#000000&#8243; header_font_size=&#8221;48px&#8221; body_font=&#8221;|||||||#66CC33|solid&#8221; body_font_size=&#8221;12px&#8221; body_line_height=&#8221;2.1em&#8221; background_enable_color=&#8221;off&#8221; background_image=&#8221;https:\/\/grosekoindarra.com\/wp-content\/uploads\/2023\/05\/groseko-indarra-3_web-1.jpg&#8221; background_enable_image=&#8221;on&#8221; background_repeat=&#8221;repeat&#8221; background_layout=&#8221;light&#8221; custom_padding=&#8221;0px||||false|false&#8221; global_colors_info=&#8221;{}&#8221; sticky_transition=&#8221;on&#8221;]<\/p>\n<p><img decoding=\"async\" loading=\"lazy\" src=\"https:\/\/grosekoindarra.com\/wp-content\/uploads\/2023\/05\/logo_transparente_black.png\" width=\"60\" height=\"47\" alt=\"\" class=\"wp-image-162 alignnone size-full\" \/><\/p>\n<h1><strong>Groseko Indarra<\/strong><\/h1>\n<p>SURF TALDEA &#8211; SURF ESKOLA<\/p>\n<p>[\/et_pb_slide][et_pb_slide use_bg_overlay=&#8221;on&#8221; bg_overlay_color=&#8221;rgba(255,255,255,0.15)&#8221; use_text_overlay=&#8221;off&#8221; _builder_version=&#8221;4.22.1&#8243; _module_preset=&#8221;default&#8221; header_font=&#8221;|700|||||||&#8221; header_text_color=&#8221;#000000&#8243; header_font_size=&#8221;48px&#8221; body_font=&#8221;|||||||#66CC33|solid&#8221; body_font_size=&#8221;12px&#8221; body_line_height=&#8221;2.1em&#8221; background_enable_color=&#8221;off&#8221; background_image=&#8221;https:\/\/grosekoindarra.com\/wp-content\/uploads\/2023\/05\/groseko-indarra-4_web.jpg&#8221; background_enable_image=&#8221;on&#8221; background_layout=&#8221;light&#8221; custom_padding=&#8221;0px||||false|false&#8221; global_colors_info=&#8221;{}&#8221; sticky_transition=&#8221;on&#8221;]<\/p>\n<p><img decoding=\"async\" loading=\"lazy\" src=\"https:\/\/grosekoindarra.com\/wp-content\/uploads\/2023\/05\/logo_transparente_black.png\" width=\"60\" height=\"47\" alt=\"\" class=\"wp-image-162 alignnone size-full\" \/><\/p>\n<h1><strong>Groseko Indarra Surf Eskola<\/strong><\/h1>\n<p>IKASI, GOZATU, BIZI, ELKARBANATU<\/p>\n<p>[\/et_pb_slide][\/et_pb_fullwidth_slider][\/et_pb_section][et_pb_section fb_built=&#8221;1&#8243; _builder_version=&#8221;4.21.0&#8243; _module_preset=&#8221;default&#8221; global_colors_info=&#8221;{}&#8221;][et_pb_row _builder_version=&#8221;4.21.0&#8243; _module_preset=&#8221;default&#8221; global_colors_info=&#8221;{}&#8221;][et_pb_column type=&#8221;4_4&#8243; _builder_version=&#8221;4.21.0&#8243; _module_preset=&#8221;default&#8221; global_colors_info=&#8221;{}&#8221;][et_pb_text _builder_version=&#8221;4.22.1&#8243; _module_preset=&#8221;default&#8221; global_colors_info=&#8221;{}&#8221;]<\/p>\n<p>Depuis sa cr\u00e9ation en 2006, <strong>GROSEKO INDARRA SURF ESKOLA<\/strong> n&#8217;a eu qu&#8217;un seul objectif : partager nos connaissances et notre lien profond avec ce mode de vie qui nous unit tous : <strong>le surf.<\/strong><\/p>\n<p>Gr\u00e2ce \u00e0 des m\u00e9thodes p\u00e9dagogiques que nous avons affin\u00e9es au fil des ans, nous nous effor\u00e7ons de faire en sorte que nos \u00e9tudiants acqui\u00e8rent des comp\u00e9tences et perfectionnent leurs capacit\u00e9s tout en s&#8217;amusant au maximum.<\/p>\n<p>[\/et_pb_text][\/et_pb_column][\/et_pb_row][\/et_pb_section]<\/p>\n","protected":false},"excerpt":{"rendered":"<p>Groseko Indarra SURF TALDEA &#8211; SURF ESKOLA Groseko Indarra SURF TALDEA &#8211; SURF ESKOLA Groseko Indarra SURF TALDEA &#8211; SURF ESKOLA Groseko Indarra Surf Eskola IKASI, GOZATU, BIZI, ELKARBANATUDepuis sa cr\u00e9ation en 2006, GROSEKO INDARRA SURF ESKOLA n&#8217;a eu qu&#8217;un seul objectif : partager nos connaissances et notre lien profond avec ce mode de vie [&hellip;]<\/p>\n","protected":false},"author":1,"featured_media":812,"parent":0,"menu_order":0,"comment_status":"closed","ping_status":"closed","template":"","meta":{"_et_pb_use_builder":"on","_et_pb_old_content":"","_et_gb_content_width":"","footnotes":""},"_links":{"self":[{"href":"https:\/\/grosekoindarra.webclientes.es\/fr\/wp-json\/wp\/v2\/pages\/441"}],"collection":[{"href":"https:\/\/grosekoindarra.webclientes.es\/fr\/wp-json\/wp\/v2\/pages"}],"about":[{"href":"https:\/\/grosekoindarra.webclientes.es\/fr\/wp-json\/wp\/v2\/types\/page"}],"author":[{"embeddable":true,"href":"https:\/\/grosekoindarra.webclientes.es\/fr\/wp-json\/wp\/v2\/users\/1"}],"replies":[{"embeddable":true,"href":"https:\/\/grosekoindarra.webclientes.es\/fr\/wp-json\/wp\/v2\/comments?post=441"}],"version-history":[{"count":5,"href":"https:\/\/grosekoindarra.webclientes.es\/fr\/wp-json\/wp\/v2\/pages\/441\/revisions"}],"predecessor-version":[{"id":2282,"href":"https:\/\/grosekoindarra.webclientes.es\/fr\/wp-json\/wp\/v2\/pages\/441\/revisions\/2282"}],"wp:featuredmedia":[{"embeddable":true,"href":"https:\/\/grosekoindarra.webclientes.es\/fr\/wp-json\/wp\/v2\/media\/812"}],"wp:attachment":[{"href":"https:\/\/grosekoindarra.webclientes.es\/fr\/wp-json\/wp\/v2\/media?parent=441"}],"curies":[{"name":"wp","href":"https:\/\/api.w.org\/{rel}","templated":true}]}}